{"id":3369,"date":"2021-03-25T15:22:40","date_gmt":"2021-03-25T15:22:40","guid":{"rendered":"https:\/\/automa.pt\/?post_type=product&#038;p=3369"},"modified":"2025-02-25T10:43:33","modified_gmt":"2025-02-25T10:43:33","slug":"calcado-de-seguranca-tidal","status":"publish","type":"product","link":"https:\/\/automa.pt\/loja\/produto\/calcado-de-seguranca-tidal\/","title":{"rendered":"Tidal"},"content":{"rendered":"<h2><strong>Cal\u00e7ado de Seguran\u00e7a Lavoro\u00a0<\/strong><\/h2>\n<h2><strong>Cal\u00e7ado de Seguran\u00e7a Tidal<\/strong><\/h2>\n<p>O Tidal \u00e9 um cal\u00e7ado de seguran\u00e7a desenhado para atender as necessidades dos profissionais da ind\u00fastria ligeira e da log\u00edstica. Com recursos avan\u00e7ados, este modelo oferece prote\u00e7\u00e3o e conforto incompar\u00e1veis para os trabalhadores que enfrentam condi\u00e7\u00f5es extremas diariamente.<\/p>\n<p>Com uma biqueira em Composite e uma palmilha Kevlar, o Tidal proporciona uma prote\u00e7\u00e3o eficaz contra perfura\u00e7\u00f5es, garantindo a seguran\u00e7a dos p\u00e9s. A sola de PU-TPU oferece excelente tra\u00e7\u00e3o e resist\u00eancia \u00e0 abras\u00e3o, tornando-o ideal para uma variedade de superf\u00edcies. O cal\u00e7ado cont\u00e9m tecnologia ESD e certifica\u00e7\u00e3o CCS, proporcionando prote\u00e7\u00e3o contra descargas eletrost\u00e1ticas e controlo de contamina\u00e7\u00e3o est\u00e1tica.<\/p>\n<p>Com tratamento repelente \u00e0 \u00e1gua, o Tidal mant\u00e9m os p\u00e9s secos e confort\u00e1veis mesmo em condi\u00e7\u00f5es h\u00famidas. Sendo leve e 100% n\u00e3o met\u00e1lico, este cal\u00e7ado oferece conforto ao usu\u00e1rio durante todo o dia, sem comprometer a seguran\u00e7a. A sua caracter\u00edstica antiderrapante garante estabilidade e seguran\u00e7a ao caminhar em superf\u00edcies escorregadias.<\/p>\n<p>Este \u00e9 um cal\u00e7ado de seguran\u00e7a que cumpre os requisitos da Norma EN ISO 20345:2011 CE S3 SRC.<\/p>\n<p>As suas carater\u00edsticas S3 indicam que tem mais do que seguran\u00e7a b\u00e1sica. O cal\u00e7ado \u00e9 antiderrapante e tem uma biqueira de seguran\u00e7a que protege os seus p\u00e9s contra impactos at\u00e9 200J. Tem a regi\u00e3o do calcanhar fechada e um sistema de absor\u00e7\u00e3o de energia no calcanhar, \u00e9 anti est\u00e1tico e resistente a \u00f3leos. Previne a penetra\u00e7\u00e3o e absor\u00e7\u00e3o de \u00e1gua e tem uma palmilha de prote\u00e7\u00e3o contra objetos pontiagudos.<\/p>\n<p>&nbsp;<\/p>\n<h3><strong>LAVORO &#8211; Engineering Life<\/strong><\/h3>\n<p>A Lavoro \u00e9 uma marca que possu\u00ed o selo VHQ (Very High Quality) que acrescenta um atestado de conformidade do cal\u00e7ado profissional com a adequada manuten\u00e7\u00e3o da sa\u00fade do p\u00e9 em contexto laboral. Desde 1988, a Lavoro \u00e9 um dos mais renomados produtores europeus de cal\u00e7ado profissional com uma procura constante pelo melhor. As carater\u00edsticas CLIMA CORK SYSTEM e RSA est\u00e3o presentes em alguns modelos e \u00e9 o que torna a Lavoro \u00fanica e inovativa.<\/p>\n<p>Escolher a Lavoro \u00e9 preferir uma marca de cal\u00e7ado de seguran\u00e7a com carater\u00edsticas inovativas que permitem o maior conforto.<\/p>\n<p>&nbsp;<\/p>\n<p>&nbsp;<\/p>\n","protected":false},"excerpt":{"rendered":"<p><strong>CAL\u00c7ADO DE SEGURAN\u00c7A LAVORO\u00a0<\/strong><\/p>\n<p>O cal\u00e7ado de seguran\u00e7a Tidal foi desenhado a pensar nos profissionais da ind\u00fastria ligeira e da log\u00edstica. Este modelo oferece aos profissionais uma alta prote\u00e7\u00e3o e conforto nos ambientes mais complexos e \u00e9 ideal para o uso di\u00e1rio. Tidal \u00e9 um sapato leve e flex\u00edvel, ideal para o uso di\u00e1rio e as longas jornadas de trabalho.<\/p>\n<p>&nbsp;<\/p>\n<p>EN ISO 20345:2011 CE S3 SRC<\/p>\n<p>&nbsp;<\/p>\n<p>Encontra-se dispon\u00edvel nos tamanhos 36 a 48.<\/p>\n","protected":false},"featured_media":4227,"comment_status":"open","ping_status":"closed","template":"","meta":{"_mi_skip_tracking":false},"product_cat":[193,104,105,112,186,207],"product_tag":[159,160],"class_list":{"0":"post-3369","1":"product","2":"type-product","3":"status-publish","4":"has-post-thumbnail","6":"product_cat-setores-de-atividade-industria-ligeira-e-logistica","7":"product_cat-calcado-de-seguranca","8":"product_cat-sapatos","9":"product_cat-biqueira-de-protecao","10":"product_cat-mulher","11":"product_cat-lavoro-automa","12":"product_tag-calcado-de-seguranca","13":"product_tag-calcado-profissional","15":"first","16":"instock","17":"sale","18":"sold-individually","19":"taxable","20":"shipping-taxable","21":"purchasable","22":"product-type-variable"},"_links":{"self":[{"href":"https:\/\/automa.pt\/loja\/wp-json\/wp\/v2\/product\/3369","targetHints":{"allow":["GET"]}}],"collection":[{"href":"https:\/\/automa.pt\/loja\/wp-json\/wp\/v2\/product"}],"about":[{"href":"https:\/\/automa.pt\/loja\/wp-json\/wp\/v2\/types\/product"}],"replies":[{"embeddable":true,"href":"https:\/\/automa.pt\/loja\/wp-json\/wp\/v2\/comments?post=3369"}],"wp:featuredmedia":[{"embeddable":true,"href":"https:\/\/automa.pt\/loja\/wp-json\/wp\/v2\/media\/4227"}],"wp:attachment":[{"href":"https:\/\/automa.pt\/loja\/wp-json\/wp\/v2\/media?parent=3369"}],"wp:term":[{"taxonomy":"product_cat","embeddable":true,"href":"https:\/\/automa.pt\/loja\/wp-json\/wp\/v2\/product_cat?post=3369"},{"taxonomy":"product_tag","embeddable":true,"href":"https:\/\/automa.pt\/loja\/wp-json\/wp\/v2\/product_tag?post=3369"}],"curies":[{"name":"wp","href":"https:\/\/api.w.org\/{rel}","templated":true}]}}