{"id":3243,"date":"2020-07-31T10:13:31","date_gmt":"2020-07-31T10:13:31","guid":{"rendered":"https:\/\/automa.pt\/?post_type=product&#038;p=3243"},"modified":"2026-01-07T09:41:52","modified_gmt":"2026-01-07T09:41:52","slug":"calcado-de-seguranca-galochas-dunlop","status":"publish","type":"product","link":"https:\/\/automa.pt\/loja\/produto\/calcado-de-seguranca-galochas-dunlop\/","title":{"rendered":"Galocha Dunlop"},"content":{"rendered":"<h2><strong>Cal\u00e7ado de Seguran\u00e7a Lavoro\u00a0<\/strong><\/h2>\n<h2><strong>Cal\u00e7ado de Seguran\u00e7a Galochas Dunlop<\/strong><\/h2>\n<p>As galochas Dunlop s\u00e3o uma escolha popular para trabalhadores que enfrentam condi\u00e7\u00f5es adversas e h\u00famidas. Fabricadas com material de PVC dur\u00e1vel, estas galochas oferecem uma s\u00e9rie de caracter\u00edsticas que as tornam ideais para diversas aplica\u00e7\u00f5es industriais e atividades ao ar livre.<\/p>\n<p>O material em PVC proporciona resist\u00eancia \u00e0 \u00e1gua, garantindo que os p\u00e9s permane\u00e7am secos e protegidos em ambientes h\u00famidos. As galochas est\u00e3o equipadas com biqueira e palmilha de a\u00e7o, oferecendo prote\u00e7\u00e3o adicional contra impactos e perfura\u00e7\u00f5es.<\/p>\n<p>Estas galochas de seguran\u00e7a t\u00eam resist\u00eancia a hidrocarbonetos torna-as adequadas para ambientes onde h\u00e1 exposi\u00e7\u00e3o a subst\u00e2ncias qu\u00edmicas e \u00f3leos. As suas propriedades antiest\u00e1ticas ajudam a evitar ac\u00famulos de eletricidade est\u00e1tica, proporcionando maior seguran\u00e7a ao profissional.<\/p>\n<p>As galochas Dunlop oferecem excelente ader\u00eancia em superf\u00edcies escorregadias, gra\u00e7as \u00e0 sua sola antiderrapante. O forro antibacteriano e resistente \u00e0 abras\u00e3o proporciona conforto e durabilidade adicionais. Estas galochas uma escolha confi\u00e1vel para o uso prolongado.<\/p>\n<p>As galochas Dunlop oferecem uma combina\u00e7\u00e3o de prote\u00e7\u00e3o, conforto e durabilidade, tornando-as uma op\u00e7\u00e3o vers\u00e1til para uma variedade de ambientes de trabalho e atividades ao ar livre.<\/p>\n<p>A entressola em a\u00e7o protege contra a penetra\u00e7\u00e3o de objetos at\u00e9 uma for\u00e7a de 1100N. Resist\u00eancia ao deslize, propriedades anti est\u00e1ticas, absor\u00e7\u00e3o de energia na regi\u00e3o do calcanhar e ainda resist\u00eancia a \u00f3leo combust\u00edvel. As golhas t\u00eam isolamento t\u00e9rmico que previne a perda de calor at\u00e9 uma temperatura de -20\u00b0C e uma sola classificada como SRC, que repele a sujidade.<\/p>\n<p>Escolher as galochas Dunlop \u00e9 preferir uma marca reconhecida por sua qualidade e durabilidade em cal\u00e7ados de prote\u00e7\u00e3o. A Dunlop \u00e9 uma escolha confi\u00e1vel para profissionais que enfrentam condi\u00e7\u00f5es adversas no local de trabalho e para atividades ao ar livre.<\/p>\n<p>O cal\u00e7ado de seguran\u00e7a Galocha Dunlop cumpre os requisitos da Norma EN ISO 20345 S5 SOSRA.<\/p>\n","protected":false},"excerpt":{"rendered":"<p><strong>CAL\u00c7ADO DE SEGURAN\u00c7A<\/strong><\/p>\n<p>As galochas Dunlop s\u00e3o uma escolha popular para trabalhadores que enfrentam condi\u00e7\u00f5es adversas e h\u00famidas. Fabricadas com material de PVC dur\u00e1vel, estas galochas oferecem uma s\u00e9rie de caracter\u00edsticas que as tornam ideais para diversas aplica\u00e7\u00f5es industriais e atividades ao ar livre.<\/p>\n<p>&nbsp;<\/p>\n<p>EN ISO 20345 S5 SOSRA<\/p>\n<p>Biqueira A\u00e7o . Palmilha Akevlar<\/p>\n<p>PVC de alta resist\u00eancia . Imperme\u00e1vel<\/p>\n<p>Dispon\u00edveis nos tamanhos 36 a 48.<\/p>\n<p>&nbsp;<\/p>\n","protected":false},"featured_media":6232,"comment_status":"open","ping_status":"closed","template":"","meta":{"_mi_skip_tracking":false},"product_cat":[104,108],"product_tag":[159,160,181],"class_list":{"0":"post-3243","1":"product","2":"type-product","3":"status-publish","4":"has-post-thumbnail","6":"product_cat-calcado-de-seguranca","7":"product_cat-galochas","8":"product_tag-calcado-de-seguranca","9":"product_tag-calcado-profissional","10":"product_tag-galochas","12":"first","13":"instock","14":"sold-individually","15":"taxable","16":"shipping-taxable","17":"purchasable","18":"product-type-variable"},"_links":{"self":[{"href":"https:\/\/automa.pt\/loja\/wp-json\/wp\/v2\/product\/3243","targetHints":{"allow":["GET"]}}],"collection":[{"href":"https:\/\/automa.pt\/loja\/wp-json\/wp\/v2\/product"}],"about":[{"href":"https:\/\/automa.pt\/loja\/wp-json\/wp\/v2\/types\/product"}],"replies":[{"embeddable":true,"href":"https:\/\/automa.pt\/loja\/wp-json\/wp\/v2\/comments?post=3243"}],"wp:featuredmedia":[{"embeddable":true,"href":"https:\/\/automa.pt\/loja\/wp-json\/wp\/v2\/media\/6232"}],"wp:attachment":[{"href":"https:\/\/automa.pt\/loja\/wp-json\/wp\/v2\/media?parent=3243"}],"wp:term":[{"taxonomy":"product_cat","embeddable":true,"href":"https:\/\/automa.pt\/loja\/wp-json\/wp\/v2\/product_cat?post=3243"},{"taxonomy":"product_tag","embeddable":true,"href":"https:\/\/automa.pt\/loja\/wp-json\/wp\/v2\/product_tag?post=3243"}],"curies":[{"name":"wp","href":"https:\/\/api.w.org\/{rel}","templated":true}]}}