{"id":3196,"date":"2020-07-07T11:21:05","date_gmt":"2020-07-07T11:21:05","guid":{"rendered":"https:\/\/automa.pt\/?post_type=product&#038;p=3196"},"modified":"2025-03-12T17:44:50","modified_gmt":"2025-03-12T17:44:50","slug":"calcado-de-seguranca-azov","status":"publish","type":"product","link":"https:\/\/automa.pt\/loja\/produto\/calcado-de-seguranca-azov\/","title":{"rendered":"Azov"},"content":{"rendered":"<h1>Cal\u00e7ado de Seguran\u00e7a Azov<\/h1>\n<p>O cal\u00e7ado de seguran\u00e7a Azov representa o que h\u00e1 de mais avan\u00e7ado no mercado em termos de seguran\u00e7a e conforto para os profissionais que enfrentam ambientes desafiadores.<\/p>\n<p>Com uma biqueira em composite, oferece alta prote\u00e7\u00e3o contra impactos e compress\u00f5es, garantindo a seguran\u00e7a nos locais de trabalho exigentes. A palmilha Kevlar oferece uma prote\u00e7\u00e3o adicional contra objetos pontiagudos e cortantes, mantendo os p\u00e9s seguros em todas as situa\u00e7\u00f5es.<\/p>\n<p>O sistema ATOP proporciona um ajuste preciso e seguro, permitindo que o sapato se adapte perfeitamente ao p\u00e9 do usu\u00e1rio. Assim, garante conforto e estabilidade durante toda a jornada de trabalho.<\/p>\n<p>A sola PU diretamente injetado combinada com borracha oferece excelente ader\u00eancia e durabilidade em uma variedade de superf\u00edcies. Esta combina\u00e7\u00e3o proporciona estabilidade e seguran\u00e7a ao caminhar. Oferece tamb\u00e9m conforto durante longos per\u00edodos de uso, reduzindo a fadiga nos p\u00e9s.<\/p>\n<p>Este \u00e9 um cal\u00e7ado de seguran\u00e7a que cumpre os requisitos da Norma EN ISO20345:2011 CE S3 HRO SRC.<\/p>\n<p>As suas carater\u00edsticas S3 indicam que tem mais do que seguran\u00e7a b\u00e1sica. Este cal\u00e7ado \u00e9 antiderrapante e tem uma biqueira de seguran\u00e7a que protege os seus p\u00e9s contra impactos at\u00e9 200J. Tem a regi\u00e3o do calcanhar fechada e um sistema de absor\u00e7\u00e3o de energia no calcanhar, \u00e9 anti est\u00e1tico e resistente a \u00f3leos. Previne a penetra\u00e7\u00e3o e absor\u00e7\u00e3o de \u00e1gua e tem uma palmilha de prote\u00e7\u00e3o contra objetos pontiagudos.<\/p>\n<h2>LAVORO &#8211; Engineering Life<\/h2>\n<p>A Lavoro \u00e9 uma marca que possu\u00ed o selo VHQ (Very High Quality) que acrescenta um atestado de conformidade do cal\u00e7ado profissional com a adequada manuten\u00e7\u00e3o da sa\u00fade do p\u00e9 em contexto laboral. Desde 1988, a Lavoro \u00e9 um dos mais renomados produtores europeus de cal\u00e7ado profissional com uma procura constante pelo melhor. As carater\u00edsticas CLIMA CORK SYSTEM e RSA est\u00e3o presentes em alguns modelos e \u00e9 o que torna a Lavoro \u00fanica e inovativa.<\/p>\n<p>Escolher a Lavoro \u00e9 preferir uma marca de cal\u00e7ado de seguran\u00e7a com carater\u00edsticas inovativas que permitem o maior conforto.<\/p>\n<p>&nbsp;<\/p>\n<div class=\"porto-testimonial wpb_content_element \"><div class=\"testimonial\"><blockquote><p>Produto excelente, atendimento na loja foi super r\u00e1pido e especializado.<\/p><\/blockquote><div class=\"testimonial-arrow-down\"><\/div><div class=\"testimonial-author clearfix\"><p><strong>Bruno Varej\u00e3o<\/strong><span>Industry Designer - RISING<\/span><\/p><\/div><\/div><\/div>\n<p>&nbsp;<\/p>\n<p>&nbsp;<\/p>\n<p>&nbsp;<\/p>\n","protected":false},"excerpt":{"rendered":"<p><strong>CAL\u00c7ADO DE SEGURAN\u00c7A LAVORO<\/strong><\/p>\n<p>O sapato Azov oferece alta prote\u00e7\u00e3o com a biqueira em composite e ajuste preciso devido ao sistema ATOP. A palmilha de Kevlar proporciona seguran\u00e7a adicional, enquanto a sola de PU diretamente injetado com borracha garante ader\u00eancia e conforto em qualquer ambiente de trabalho. \u00c9 uma escolha confi\u00e1vel para profissionais que valorizam seguran\u00e7a e conforto.<\/p>\n<p>&nbsp;<\/p>\n<p>EN ISO20345:2011 CE<strong> S3 HRO SRC<\/strong><\/p>\n<p>&nbsp;<\/p>\n","protected":false},"featured_media":3210,"comment_status":"open","ping_status":"closed","template":"","meta":{"_mi_skip_tracking":false},"product_cat":[104,105,207],"product_tag":[159,160,161],"class_list":{"0":"post-3196","1":"product","2":"type-product","3":"status-publish","4":"has-post-thumbnail","6":"product_cat-calcado-de-seguranca","7":"product_cat-sapatos","8":"product_cat-lavoro-automa","9":"product_tag-calcado-de-seguranca","10":"product_tag-calcado-profissional","11":"product_tag-sapatos","13":"first","14":"instock","15":"sold-individually","16":"taxable","17":"shipping-taxable","18":"purchasable","19":"product-type-variable"},"_links":{"self":[{"href":"https:\/\/automa.pt\/loja\/wp-json\/wp\/v2\/product\/3196","targetHints":{"allow":["GET"]}}],"collection":[{"href":"https:\/\/automa.pt\/loja\/wp-json\/wp\/v2\/product"}],"about":[{"href":"https:\/\/automa.pt\/loja\/wp-json\/wp\/v2\/types\/product"}],"replies":[{"embeddable":true,"href":"https:\/\/automa.pt\/loja\/wp-json\/wp\/v2\/comments?post=3196"}],"wp:featuredmedia":[{"embeddable":true,"href":"https:\/\/automa.pt\/loja\/wp-json\/wp\/v2\/media\/3210"}],"wp:attachment":[{"href":"https:\/\/automa.pt\/loja\/wp-json\/wp\/v2\/media?parent=3196"}],"wp:term":[{"taxonomy":"product_cat","embeddable":true,"href":"https:\/\/automa.pt\/loja\/wp-json\/wp\/v2\/product_cat?post=3196"},{"taxonomy":"product_tag","embeddable":true,"href":"https:\/\/automa.pt\/loja\/wp-json\/wp\/v2\/product_tag?post=3196"}],"curies":[{"name":"wp","href":"https:\/\/api.w.org\/{rel}","templated":true}]}}