{"id":3180,"date":"2020-07-07T10:45:40","date_gmt":"2020-07-07T10:45:40","guid":{"rendered":"https:\/\/automa.pt\/?post_type=product&#038;p=3180"},"modified":"2025-02-25T10:38:56","modified_gmt":"2025-02-25T10:38:56","slug":"calcado-de-seguranca-e82","status":"publish","type":"product","link":"https:\/\/automa.pt\/loja\/produto\/calcado-de-seguranca-e82\/","title":{"rendered":"E82"},"content":{"rendered":"<h2><strong>Cal\u00e7ado de Seguran\u00e7a Lavoro\u00a0<\/strong><\/h2>\n<h2><strong>Cal\u00e7ado de Seguran\u00e7a E82<\/strong><\/h2>\n<p>O cal\u00e7ado de seguran\u00e7a E82 \u00e9 a escolha confi\u00e1vel para os profissionais que necessitam de prote\u00e7\u00e3o duradoura. Este modelo oferece um conjunto de carater\u00edsticas espec\u00edficas que garante uma experi\u00eancia de conforto e produtividade.<\/p>\n<p>Equipado com uma biqueira em a\u00e7o, oferece alta prote\u00e7\u00e3o contra impactos, garantindo a seguran\u00e7a dos p\u00e9s em diversas situa\u00e7\u00f5es. A palmilha Kevlar proporciona uma camada adicional de prote\u00e7\u00e3o contra objetos perigosos, mantendo os p\u00e9s confort\u00e1veis durante longos per\u00edodos de uso.<\/p>\n<p>A sola de dupla densidade PU\/Borracha oferece excelente ader\u00eancia e resist\u00eancia ao desgaste, proporcionando estabilidade em diferentes tipos de superf\u00edcies.<\/p>\n<p>A caracter\u00edstica especial do E82 \u00e9 a sola resistente at\u00e9 300\u00ba, torna-o assim adequado para ambientes com altas temperaturas. Isso proporciona aos trabalhadores tranquilidade ao enfrentar situa\u00e7\u00f5es onde a exposi\u00e7\u00e3o ao calor extremo \u00e9 uma preocupa\u00e7\u00e3o.<\/p>\n<p>Este \u00e9 um cal\u00e7ado de seguran\u00e7a que cumpre os requisitos da Norma EN ISO20345:2011 CE <strong>S3 HRO SRC.<\/strong><\/p>\n<p>As suas carater\u00edsticas S3 indicam que tem mais do que seguran\u00e7a b\u00e1sica. Este cal\u00e7ado \u00e9 antiderrapante e tem uma biqueira de seguran\u00e7a que protege os seus p\u00e9s contra impactos at\u00e9 200J. Tem a regi\u00e3o do calcanhar fechada e um sistema de absor\u00e7\u00e3o de energia no calcanhar, \u00e9 anti est\u00e1tico e resistente a \u00f3leos. Previne a penetra\u00e7\u00e3o e absor\u00e7\u00e3o de \u00e1gua e tem uma palmilha de prote\u00e7\u00e3o contra objetos pontiagudos.<\/p>\n<p>&nbsp;<\/p>\n<p><strong>LAVORO &#8211; Engineering Life<\/strong><\/p>\n<p>A Lavoro \u00e9 uma marca que possu\u00ed o selo VHQ (Very High Quality) que acrescenta um atestado de conformidade do cal\u00e7ado profissional com a adequada manuten\u00e7\u00e3o da sa\u00fade do p\u00e9 em contexto laboral. Desde 1988, a Lavoro \u00e9 um dos mais renomados produtores europeus de cal\u00e7ado profissional com uma procura constante pelo melhor. As carater\u00edsticas CLIMA CORK SYSTEM e RSA est\u00e3o presentes em alguns modelos e \u00e9 o que torna a Lavoro \u00fanica e inovativa.<\/p>\n<p>Escolher a Lavoro \u00e9 preferir uma marca de cal\u00e7ado de seguran\u00e7a com carater\u00edsticas inovativas que permitem o maior conforto.<\/p>\n","protected":false},"excerpt":{"rendered":"<p><strong>CAL\u00c7ADO DE SEGURAN\u00c7A LAVORO<\/strong><\/p>\n<p>O E82 combina prote\u00e7\u00e3o, conforto e resist\u00eancia em uma \u00fanica bota, sendo uma escolha ideal para profissionais que valorizam a seguran\u00e7a e o desempenho no local de trabalho. Seja em ambientes industriais ou atividades que envolvam calor intenso, o E82 oferece a confian\u00e7a necess\u00e1ria para enfrentar os desafios do dia a dia com tranquilidade.<\/p>\n<p>&nbsp;<\/p>\n<p>EN ISO20345:2011 CE S3 HRO SRC<\/p>\n<p>&nbsp;<\/p>\n<p>Encontra-se dispon\u00edvel nos tamanhos 35 a 48.<\/p>\n","protected":false},"featured_media":4315,"comment_status":"open","ping_status":"closed","template":"","meta":{"_mi_skip_tracking":false},"product_cat":[104,106,207],"product_tag":[159,160,161],"class_list":{"0":"post-3180","1":"product","2":"type-product","3":"status-publish","4":"has-post-thumbnail","6":"product_cat-calcado-de-seguranca","7":"product_cat-botas","8":"product_cat-lavoro-automa","9":"product_tag-calcado-de-seguranca","10":"product_tag-calcado-profissional","11":"product_tag-sapatos","13":"first","14":"instock","15":"sale","16":"sold-individually","17":"taxable","18":"shipping-taxable","19":"purchasable","20":"product-type-variable"},"_links":{"self":[{"href":"https:\/\/automa.pt\/loja\/wp-json\/wp\/v2\/product\/3180","targetHints":{"allow":["GET"]}}],"collection":[{"href":"https:\/\/automa.pt\/loja\/wp-json\/wp\/v2\/product"}],"about":[{"href":"https:\/\/automa.pt\/loja\/wp-json\/wp\/v2\/types\/product"}],"replies":[{"embeddable":true,"href":"https:\/\/automa.pt\/loja\/wp-json\/wp\/v2\/comments?post=3180"}],"wp:featuredmedia":[{"embeddable":true,"href":"https:\/\/automa.pt\/loja\/wp-json\/wp\/v2\/media\/4315"}],"wp:attachment":[{"href":"https:\/\/automa.pt\/loja\/wp-json\/wp\/v2\/media?parent=3180"}],"wp:term":[{"taxonomy":"product_cat","embeddable":true,"href":"https:\/\/automa.pt\/loja\/wp-json\/wp\/v2\/product_cat?post=3180"},{"taxonomy":"product_tag","embeddable":true,"href":"https:\/\/automa.pt\/loja\/wp-json\/wp\/v2\/product_tag?post=3180"}],"curies":[{"name":"wp","href":"https:\/\/api.w.org\/{rel}","templated":true}]}}