{"id":3108,"date":"2020-07-02T15:30:32","date_gmt":"2020-07-02T15:30:32","guid":{"rendered":"https:\/\/automa.pt\/?post_type=product&#038;p=3108"},"modified":"2025-04-16T16:56:26","modified_gmt":"2025-04-16T16:56:26","slug":"calcado-de-seguranca-hybrid-blackandblue","status":"publish","type":"product","link":"https:\/\/automa.pt\/loja\/produto\/calcado-de-seguranca-hybrid-blackandblue\/","title":{"rendered":"Hybrid Black\/Blue"},"content":{"rendered":"<h2><strong>Cal\u00e7ado de Seguran\u00e7a Lavoro\u00a0<\/strong><\/h2>\n<h2><strong>Cal\u00e7ado de Seguran\u00e7a Hybrid Black\/Blue<\/strong><\/h2>\n<p>O Hybrid Black\/Blue \u00e9 um cal\u00e7ado de seguran\u00e7a que supera as necessidades dos profissionais da ind\u00fastria ligeira e da log\u00edstica. Este modelo oferece uma combina\u00e7\u00e3o ideal de seguran\u00e7a e conforto. \u00c9 um produto de fabrico 100% nacional, conforme toda a cole\u00e7\u00e3o Lavoro.<\/p>\n<p>Com uma biqueira em composite 100% n\u00e3o met\u00e1lica, garante prote\u00e7\u00e3o contra impactos sem adicionar peso extra. As suas palmilhas de Kevlar proporcionam resist\u00eancia superior contra perfura\u00e7\u00f5es. As Hybrid Black\/Blue t\u00eam uma sola de PU\/TPU, com caracter\u00edstica ESD, oferece assim amortecimento eficaz e prote\u00e7\u00e3o contra descargas eletrost\u00e1ticas.<\/p>\n<p>Apresenta um design inovador com corte a laser de alta defini\u00e7\u00e3o e tratamento repelente \u00e0 \u00e1gua, proporcionando durabilidade e resist\u00eancia. A sua sola est\u00e1 preparada para resistir a \u00f3leos e combust\u00edveis, proporcionando seguran\u00e7a e durabilidade em ambientes industriais.<\/p>\n<p>Este \u00e9 um cal\u00e7ado de seguran\u00e7a que cumpre os requisitos da Norma EN ISO 20345:2011 CE S3 SRC<\/p>\n<p>As suas carater\u00edsticas S3 indicam que tem mais do que seguran\u00e7a b\u00e1sica. O cal\u00e7ado de seguran\u00e7a \u00e9 antiderrapante e tem uma biqueira de seguran\u00e7a que protege os seus p\u00e9s contra impactos at\u00e9 200J. Tem a regi\u00e3o do calcanhar fechada e um sistema de absor\u00e7\u00e3o de energia no calcanhar, \u00e9 anti est\u00e1tico e resistente a \u00f3leos. Previne a penetra\u00e7\u00e3o e absor\u00e7\u00e3o de \u00e1gua e tem uma palmilha de prote\u00e7\u00e3o contra objetos pontiagudos.<\/p>\n<p>&nbsp;<\/p>\n<h3><strong>LAVORO &#8211; Engineering Life<\/strong><\/h3>\n<p>A Lavoro \u00e9 uma marca que possu\u00ed o selo VHQ (Very High Quality) que acrescenta um atestado de conformidade do cal\u00e7ado profissional com a adequada manuten\u00e7\u00e3o da sa\u00fade do p\u00e9 em contexto laboral. Desde 1988, a Lavoro \u00e9 um dos mais renomados produtores europeus de cal\u00e7ado profissional com uma procura constante pelo melhor. As carater\u00edsticas CLIMA CORK SYSTEM e RSA est\u00e3o presentes em alguns modelos e \u00e9 o que torna a Lavoro \u00fanica e inovativa.<\/p>\n<p>Escolher a Lavoro \u00e9 preferir uma marca de cal\u00e7ado de seguran\u00e7a com carater\u00edsticas inovativas que permitem o maior conforto.<\/p>\n","protected":false},"excerpt":{"rendered":"<p><strong>CAL\u00c7ADO DE SEGURAN\u00c7A LAVORO<\/strong><\/p>\n<p>O Hybrid Black\/Red \u00e9 um cal\u00e7ado de prote\u00e7\u00e3o que atende \u00e0s necessidades dos trabalhadores da ind\u00fastria leve e da log\u00edstica. Este modelo proporciona uma fus\u00e3o ideal entre seguran\u00e7a e conforto. \u00c9 fabricado em Portugal, seguindo os padr\u00f5es de qualidade de toda a linha Lavoro.<\/p>\n<p>&nbsp;<\/p>\n<p>EN ISO 20345:2011 CE S3 SRC<\/p>\n<p>&nbsp;<\/p>\n<p>Encontra-se dispon\u00edvel nos tamanhos 35 a 48.<\/p>\n","protected":false},"featured_media":4192,"comment_status":"open","ping_status":"closed","template":"","meta":{"_mi_skip_tracking":false},"product_cat":[193,104,105,186,207],"product_tag":[159,160,163],"class_list":{"0":"post-3108","1":"product","2":"type-product","3":"status-publish","4":"has-post-thumbnail","6":"product_cat-setores-de-atividade-industria-ligeira-e-logistica","7":"product_cat-calcado-de-seguranca","8":"product_cat-sapatos","9":"product_cat-mulher","10":"product_cat-lavoro-automa","11":"product_tag-calcado-de-seguranca","12":"product_tag-calcado-profissional","13":"product_tag-lavoro","15":"first","16":"instock","17":"sale","18":"sold-individually","19":"taxable","20":"shipping-taxable","21":"purchasable","22":"product-type-variable","23":"has-default-attributes"},"_links":{"self":[{"href":"https:\/\/automa.pt\/loja\/wp-json\/wp\/v2\/product\/3108","targetHints":{"allow":["GET"]}}],"collection":[{"href":"https:\/\/automa.pt\/loja\/wp-json\/wp\/v2\/product"}],"about":[{"href":"https:\/\/automa.pt\/loja\/wp-json\/wp\/v2\/types\/product"}],"replies":[{"embeddable":true,"href":"https:\/\/automa.pt\/loja\/wp-json\/wp\/v2\/comments?post=3108"}],"wp:featuredmedia":[{"embeddable":true,"href":"https:\/\/automa.pt\/loja\/wp-json\/wp\/v2\/media\/4192"}],"wp:attachment":[{"href":"https:\/\/automa.pt\/loja\/wp-json\/wp\/v2\/media?parent=3108"}],"wp:term":[{"taxonomy":"product_cat","embeddable":true,"href":"https:\/\/automa.pt\/loja\/wp-json\/wp\/v2\/product_cat?post=3108"},{"taxonomy":"product_tag","embeddable":true,"href":"https:\/\/automa.pt\/loja\/wp-json\/wp\/v2\/product_tag?post=3108"}],"curies":[{"name":"wp","href":"https:\/\/api.w.org\/{rel}","templated":true}]}}