{"id":3082,"date":"2020-05-22T10:24:32","date_gmt":"2020-05-22T10:24:32","guid":{"rendered":"https:\/\/automa.pt\/?post_type=product&#038;p=3082"},"modified":"2025-02-25T10:59:35","modified_gmt":"2025-02-25T10:59:35","slug":"calcado-de-seguranca-s-a-s-blackboot","status":"publish","type":"product","link":"https:\/\/automa.pt\/loja\/produto\/calcado-de-seguranca-s-a-s-blackboot\/","title":{"rendered":"S.A.S. Black Boot"},"content":{"rendered":"<h2><strong>Cal\u00e7ado de Seguran\u00e7a Lavoro\u00a0<\/strong><\/h2>\n<h2><strong>Cal\u00e7ado de Seguran\u00e7a S.A.S. Black Boot<\/strong><\/h2>\n<p>O cal\u00e7ado de seguran\u00e7a S.A.S. Black Boot esta desenhado para pol\u00edcias, for\u00e7as militares e bombeiros. As S.A.S. Black Boot da Lavoro foram testadas pelo ex\u00e9rcito portugu\u00eas. A sua durabilidade e resist\u00eancia fazem desta bota uma escolha confi\u00e1vel para enfrentar os desafios das opera\u00e7\u00f5es de seguran\u00e7a e resgate.<\/p>\n<p>A sua tecnologia Sympatex e a caracter\u00edstica ESD garantem conforto e seguran\u00e7a, mantendo os p\u00e9s secos e protegidos contradescargas eletrost\u00e1ticas durante todo o dia. Esses recursos tornam este cal\u00e7ado ideal para profissionais que necessitam de alto desempenho e confiabilidade em seu trabalho.<\/p>\n<p>A sola de PU oferece amortecimento excecional e durabilidade, proporcionando conforto durante longos per\u00edodos de uso. Ideal para atividades que exigem resist\u00eancia e flexibilidade nos p\u00e9s. A biqueira de prote\u00e7\u00e3o oferece seguran\u00e7a contra impactos e compress\u00e3o, essencial em ambientes de trabalho onde h\u00e1 risco de les\u00f5es nos p\u00e9s.<\/p>\n<p>O design combina funcionalidade e estilo, proporcionando um visual moderno e profissional. Cada detalhe \u00e9 cuidadosamente pensado para atender \u00e0s necessidades pr\u00e1ticas do usu\u00e1rio, sem comprometer o aspeto est\u00e9tico do cal\u00e7ado.<\/p>\n<p>Este \u00e9 um cal\u00e7ado de seguran\u00e7a que cumpre os requisitos da Norma EN ISO 20347:2012 CE O3 HRO SRC<\/p>\n<p>As carater\u00edsticas SRC do cal\u00e7ado garantem uma seguran\u00e7a avan\u00e7ada, superando os padr\u00f5es b\u00e1sicos. A sua aprova\u00e7\u00e3o nos testes de antiderrap\u00e2ncia, em pavimento cer\u00e2mico com detergente e a\u00e7o inox com glicerina, destaca a versatilidade do cal\u00e7ado. A sua confiabilidade em condi\u00e7\u00f5es variadas \u00e9 not\u00e1vel.<\/p>\n<p>&nbsp;<\/p>\n<h3><strong>LAVORO &#8211; Engineering Life<\/strong><\/h3>\n<p>A Lavoro \u00e9 uma marca que possu\u00ed o selo VHQ (Very High Quality) que acrescenta um atestado de conformidade do cal\u00e7ado profissional com a adequada manuten\u00e7\u00e3o da sa\u00fade do p\u00e9 em contexto laboral. Desde 1988, a Lavoro \u00e9 um dos mais renomados produtores europeus de cal\u00e7ado profissional com uma procura constante pelo melhor. As carater\u00edsticas CLIMA CORK SYSTEM e RSA est\u00e3o presentes em alguns modelos e \u00e9 o que torna a Lavoro \u00fanica e inovativa.<\/p>\n<p>Escolher a Lavoro \u00e9 preferir uma marca de cal\u00e7ado de seguran\u00e7a com carater\u00edsticas inovativas que permitem o maior conforto.<\/p>\n","protected":false},"excerpt":{"rendered":"<p><strong>CAL\u00c7ADO DE SEGURAN\u00c7A LAVORO\u00a0<\/strong><\/p>\n<p>O cal\u00e7ado de seguran\u00e7a S.A.S. Black Boot \u00e9 uma bota militar com certificado Army Tested pelo Ex\u00e9rcito Portugu\u00eas. Fabricada com material VHR (very high resistant), imperme\u00e1vel e com sola Vibram. Possui uma biqueira refor\u00e7ado e a bota \u00e9 100% n\u00e3o-met\u00e1lica. Cada detalhe \u00e9 cuidadosamente pensado para atender \u00e0s necessidades pr\u00e1ticas do usu\u00e1rio, sem comprometer o aspeto est\u00e9tico do cal\u00e7ado.<\/p>\n<p>&nbsp;<\/p>\n<p>EN ISO 20347:2012 CE O3 HRO SRC<\/p>\n<p>&nbsp;<\/p>\n<p>Encontra-se dispon\u00edvel nos tamanhos 36 a 47.<\/p>\n<p>&nbsp;<\/p>\n","protected":false},"featured_media":6229,"comment_status":"open","ping_status":"closed","template":"","meta":{"_mi_skip_tracking":false},"product_cat":[198,194,199,104,106,207],"product_tag":[162,159,160,163],"class_list":{"0":"post-3082","1":"product","2":"type-product","3":"status-publish","4":"has-post-thumbnail","6":"product_cat-setores-de-atividade-incendio-e-resgate","7":"product_cat-setores-de-atividade-industria-pesada-e-atividades-especializadas","8":"product_cat-setores-de-atividade-militar-e-servicos-de-seguranca","9":"product_cat-calcado-de-seguranca","10":"product_cat-botas","11":"product_cat-lavoro-automa","12":"product_tag-botas","13":"product_tag-calcado-de-seguranca","14":"product_tag-calcado-profissional","15":"product_tag-lavoro","17":"first","18":"instock","19":"sale","20":"sold-individually","21":"taxable","22":"shipping-taxable","23":"purchasable","24":"product-type-variable"},"_links":{"self":[{"href":"https:\/\/automa.pt\/loja\/wp-json\/wp\/v2\/product\/3082","targetHints":{"allow":["GET"]}}],"collection":[{"href":"https:\/\/automa.pt\/loja\/wp-json\/wp\/v2\/product"}],"about":[{"href":"https:\/\/automa.pt\/loja\/wp-json\/wp\/v2\/types\/product"}],"replies":[{"embeddable":true,"href":"https:\/\/automa.pt\/loja\/wp-json\/wp\/v2\/comments?post=3082"}],"wp:featuredmedia":[{"embeddable":true,"href":"https:\/\/automa.pt\/loja\/wp-json\/wp\/v2\/media\/6229"}],"wp:attachment":[{"href":"https:\/\/automa.pt\/loja\/wp-json\/wp\/v2\/media?parent=3082"}],"wp:term":[{"taxonomy":"product_cat","embeddable":true,"href":"https:\/\/automa.pt\/loja\/wp-json\/wp\/v2\/product_cat?post=3082"},{"taxonomy":"product_tag","embeddable":true,"href":"https:\/\/automa.pt\/loja\/wp-json\/wp\/v2\/product_tag?post=3082"}],"curies":[{"name":"wp","href":"https:\/\/api.w.org\/{rel}","templated":true}]}}