{"id":3066,"date":"2020-05-22T10:17:17","date_gmt":"2020-05-22T10:17:17","guid":{"rendered":"https:\/\/automa.pt\/?post_type=product&#038;p=3066"},"modified":"2025-02-10T17:53:37","modified_gmt":"2025-02-10T17:53:37","slug":"calcado-de-seguranca-patrol-highway-22","status":"publish","type":"product","link":"https:\/\/automa.pt\/loja\/produto\/calcado-de-seguranca-patrol-highway-22\/","title":{"rendered":"Patrol Highway 22"},"content":{"rendered":"<h2><strong>Cal\u00e7ado de Seguran\u00e7a Lavoro\u00a0<\/strong><\/h2>\n<h2><strong>Cal\u00e7ado de Seguran\u00e7a Patrol Highway 22<\/strong><\/h2>\n<p>O Patrol Highway \u00e9 um cal\u00e7ado de seguran\u00e7a projetado para atender \u00e0s necessidades dos profissionais da ind\u00fastria pesada, do inc\u00eandio e das equipas de resgate. Este modelo oferece prote\u00e7\u00e3o e conforto excecionais em ambientes industriais desafiadores.<\/p>\n<p>Com uma sola PU, oferece absor\u00e7\u00e3o de choque e resist\u00eancia \u00e0 abras\u00e3o, proporcionando estabilidade em uma variedade de superf\u00edcies. O cal\u00e7ado \u00e9 ESD (Descarga Eletrost\u00e1tica), essencial para ambientes sens\u00edveis, garantindo um ambiente de trabalho seguro.<\/p>\n<p>Com resist\u00eancia t\u00e9rmica de at\u00e9 300\u00b0C, a bota resiste a altas temperaturas, proporcionando prote\u00e7\u00e3o e conforto. Os seus componentes repelentes \u00e0 \u00e1gua e a sua antiderrap\u00e2ncia garantem prote\u00e7\u00e3o adicional e mant\u00eam os p\u00e9s secos.<\/p>\n<p>O Patrol Highway tamb\u00e9m est\u00e1 dispon\u00edvel com a op\u00e7\u00e3o de biqueira em a\u00e7o e palmilha de Kevlar para oferecer prote\u00e7\u00e3o adicional contra impactos.<\/p>\n<p>Este \u00e9 um cal\u00e7ado de seguran\u00e7a que cumpre os requisitos da Norma EN ISO 20347:2012 CE 02 HRO SRC.<\/p>\n<p>As suas carater\u00edsticas S3 indicam que tem mais do que seguran\u00e7a b\u00e1sica. O cal\u00e7ado \u00e9 antiderrapante e tem uma biqueira de seguran\u00e7a que protege os seus p\u00e9s contra impactos at\u00e9 200J. Tem a regi\u00e3o do calcanhar fechada e um sistema de absor\u00e7\u00e3o de energia no calcanhar, \u00e9 anti est\u00e1tico e resistente a \u00f3leos. Previne a penetra\u00e7\u00e3o e absor\u00e7\u00e3o de \u00e1gua e tem uma palmilha de prote\u00e7\u00e3o contra objetos pontiagudos.<\/p>\n<p>&nbsp;<\/p>\n<h3><strong>LAVORO &#8211; Engineering Life<\/strong><\/h3>\n<p>A Lavoro \u00e9 uma marca que possu\u00ed o selo VHQ (Very High Quality) que acrescenta um atestado de conformidade do cal\u00e7ado profissional com a adequada manuten\u00e7\u00e3o da sa\u00fade do p\u00e9 em contexto laboral. Desde 1988, a Lavoro \u00e9 um dos mais renomados produtores europeus de cal\u00e7ado profissional com uma procura constante pelo melhor. As carater\u00edsticas CLIMA CORK SYSTEM e RSA est\u00e3o presentes em alguns modelos e \u00e9 o que torna a Lavoro \u00fanica e inovativa.<\/p>\n<p>Escolher a Lavoro \u00e9 preferir uma marca de cal\u00e7ado de seguran\u00e7a com carater\u00edsticas inovativas que permitem o maior conforto.<\/p>\n","protected":false},"excerpt":{"rendered":"<p><strong>CAL\u00c7ADO DE SEGURAN\u00c7A LAVORO\u00a0<\/strong><\/p>\n<p>O Patrol Highway \u00e9 um cal\u00e7ado de seguran\u00e7a vers\u00e1til e resistente projetado para atender \u00e0s necessidades dos profissionais da ind\u00fastria pesada, do inc\u00eandio e das equipas de resgate. Este modelo oferece prote\u00e7\u00e3o e conforto excecionais em ambientes industriais desafiadores. O Patrol Highway tamb\u00e9m est\u00e1 dispon\u00edvel com a op\u00e7\u00e3o de biqueira em a\u00e7o e palmilha de Kevlar para oferecer prote\u00e7\u00e3o adicional contra impactos.<\/p>\n<p>&nbsp;<\/p>\n<p>EN ISO 20347:2012 CE 02 HRO SRC<\/p>\n<p>&nbsp;<\/p>\n<p>Encontra-se dispon\u00edvel nos tamanhos 35 a 48.<\/p>\n<p>&nbsp;<\/p>\n","protected":false},"featured_media":4320,"comment_status":"open","ping_status":"closed","template":"","meta":{"_mi_skip_tracking":false},"product_cat":[198,194,199,104,106,186,207],"product_tag":[162,159,160,163],"class_list":{"0":"post-3066","1":"product","2":"type-product","3":"status-publish","4":"has-post-thumbnail","6":"product_cat-setores-de-atividade-incendio-e-resgate","7":"product_cat-setores-de-atividade-industria-pesada-e-atividades-especializadas","8":"product_cat-setores-de-atividade-militar-e-servicos-de-seguranca","9":"product_cat-calcado-de-seguranca","10":"product_cat-botas","11":"product_cat-mulher","12":"product_cat-lavoro-automa","13":"product_tag-botas","14":"product_tag-calcado-de-seguranca","15":"product_tag-calcado-profissional","16":"product_tag-lavoro","18":"first","19":"instock","20":"sold-individually","21":"taxable","22":"shipping-taxable","23":"purchasable","24":"product-type-variable"},"_links":{"self":[{"href":"https:\/\/automa.pt\/loja\/wp-json\/wp\/v2\/product\/3066","targetHints":{"allow":["GET"]}}],"collection":[{"href":"https:\/\/automa.pt\/loja\/wp-json\/wp\/v2\/product"}],"about":[{"href":"https:\/\/automa.pt\/loja\/wp-json\/wp\/v2\/types\/product"}],"replies":[{"embeddable":true,"href":"https:\/\/automa.pt\/loja\/wp-json\/wp\/v2\/comments?post=3066"}],"wp:featuredmedia":[{"embeddable":true,"href":"https:\/\/automa.pt\/loja\/wp-json\/wp\/v2\/media\/4320"}],"wp:attachment":[{"href":"https:\/\/automa.pt\/loja\/wp-json\/wp\/v2\/media?parent=3066"}],"wp:term":[{"taxonomy":"product_cat","embeddable":true,"href":"https:\/\/automa.pt\/loja\/wp-json\/wp\/v2\/product_cat?post=3066"},{"taxonomy":"product_tag","embeddable":true,"href":"https:\/\/automa.pt\/loja\/wp-json\/wp\/v2\/product_tag?post=3066"}],"curies":[{"name":"wp","href":"https:\/\/api.w.org\/{rel}","templated":true}]}}