{"id":2960,"date":"2020-03-06T10:53:03","date_gmt":"2020-03-06T10:53:03","guid":{"rendered":"https:\/\/automa.pt\/?post_type=product&#038;p=2960"},"modified":"2025-02-25T10:20:06","modified_gmt":"2025-02-25T10:20:06","slug":"calcado-de-seguranca-chewie","status":"publish","type":"product","link":"https:\/\/automa.pt\/loja\/produto\/calcado-de-seguranca-chewie\/","title":{"rendered":"Chewie"},"content":{"rendered":"<h2><strong>Cal\u00e7ado de Seguran\u00e7a Lavoro\u00a0<\/strong><\/h2>\n<h2><strong>Cal\u00e7ado de Seguran\u00e7a Chewie<\/strong><\/h2>\n<p>O Chewie \u00e9 um cal\u00e7ado de seguran\u00e7a que atende \u00e0s necessidades dos profissionais da ind\u00fastria ligeira e da log\u00edstica. A biqueira em composite oferece prote\u00e7\u00e3o vigorosa contra impactos, garantindo a seguran\u00e7a dos p\u00e9s em ambientes de trabalho desafiadores. Com essa caracter\u00edstica, os trabalhadores podem est\u00e3o seguros ao lidar com equipamentos pesados \u200b\u200be objetos perigosos.<\/p>\n<p>O Chewie possui uma palmilha Kevlar, conhecida pela sua resist\u00eancia excecional \u00e0 perfura\u00e7\u00e3o. Esta palmilha oferece uma camada adicional de prote\u00e7\u00e3o, garantindo que os p\u00e9s do utilizador estejam seguros. Com um corte em t\u00eaxtil K3D, o sapato de seguran\u00e7a Chewie<strong>\u00a0<\/strong>\u00e9 indicado para quem privilegia o conforto durante o seu trabalho. \u00c9 um produto de fabrico 100% nacional, conforme toda a cole\u00e7\u00e3o Lavoro.<\/p>\n<p>Com sola de dupla densidade PU, encontra-se preparado para oferecer amortecimento superior e ader\u00eancia em uma variedade de superf\u00edcies. O seu componente de 100% N\u00e3o-Met\u00e1lico, \u00e9 a escolha ideal para ambientes sens\u00edveis a detetores de metal.<\/p>\n<p>Chewie visa assegurar uma prote\u00e7\u00e3o espec\u00edfica do p\u00e9 ou perna contra um conjunto de riscos f\u00edsicos, qu\u00edmicos e biol\u00f3gicos.<\/p>\n<p>Este \u00e9 um cal\u00e7ado de seguran\u00e7a que cumpre os requisitos da Norma EN ISO 20345:2011 S3 SRC.<\/p>\n<p>As suas carater\u00edsticas S3 indicam que tem mais do que seguran\u00e7a b\u00e1sica. O cal\u00e7ado de seguran\u00e7a \u00e9 antiderrapante e tem uma biqueira de seguran\u00e7a que protege os seus p\u00e9s contra impactos at\u00e9 200J. Tem a regi\u00e3o do calcanhar fechada e um sistema de absor\u00e7\u00e3o de energia no calcanhar, \u00e9 anti est\u00e1tico e resistente a \u00f3leos. Previne a penetra\u00e7\u00e3o e absor\u00e7\u00e3o de \u00e1gua e tem uma palmilha de prote\u00e7\u00e3o contra objetos pontiagudos.<\/p>\n<p>&nbsp;<\/p>\n<h3><strong>LAVORO &#8211; Engineering Life<\/strong><\/h3>\n<p>A Lavoro \u00e9 uma marca que possu\u00ed o selo VHQ (Very High Quality) que acrescenta um atestado de conformidade do cal\u00e7ado profissional com a adequada manuten\u00e7\u00e3o da sa\u00fade do p\u00e9 em contexto laboral. Desde 1988, a Lavoro \u00e9 um dos mais renomados produtores europeus de cal\u00e7ado profissional com uma procura constante pelo melhor. As carater\u00edsticas CLIMA CORK SYSTEM e RSA est\u00e3o presentes em alguns modelos e \u00e9 o que torna a Lavoro \u00fanica e inovativa.<\/p>\n<p>Escolher a Lavoro \u00e9 preferir uma marca de cal\u00e7ado de seguran\u00e7a com carater\u00edsticas inovativas que permitem o maior conforto.<\/p>\n","protected":false},"excerpt":{"rendered":"<p><strong>CAL\u00c7ADO DE SEGURAN\u00c7A LAVORO\u00a0<\/strong><\/p>\n<p>O cal\u00e7ado de seguran\u00e7a Chewie est\u00e1 desenhado para atender \u00e0s necessidades dos profissionais da ind\u00fastria ligeira e da log\u00edstica. Preparado para proteger e oferecer conforto aos profissionais que trabalham nos ambientes mais complexos e din\u00e2micos.<\/p>\n<p>&nbsp;<\/p>\n<p>EN ISO 20345:2011 S3 SRC<\/p>\n<p>&nbsp;<\/p>\n<p>Encontra-se dispon\u00edvel nos tamanhos 35 a 48.<\/p>\n","protected":false},"featured_media":4202,"comment_status":"open","ping_status":"closed","template":"","meta":{"_mi_skip_tracking":false},"product_cat":[193,104,105,186,207,206],"product_tag":[159,160,168],"class_list":{"0":"post-2960","1":"product","2":"type-product","3":"status-publish","4":"has-post-thumbnail","6":"product_cat-setores-de-atividade-industria-ligeira-e-logistica","7":"product_cat-calcado-de-seguranca","8":"product_cat-sapatos","9":"product_cat-mulher","10":"product_cat-lavoro-automa","11":"product_cat-mais-vendidos-automa","12":"product_tag-calcado-de-seguranca","13":"product_tag-calcado-profissional","14":"product_tag-norisk","16":"first","17":"instock","18":"sale","19":"featured","20":"sold-individually","21":"taxable","22":"shipping-taxable","23":"purchasable","24":"product-type-variable","25":"has-default-attributes"},"_links":{"self":[{"href":"https:\/\/automa.pt\/loja\/wp-json\/wp\/v2\/product\/2960","targetHints":{"allow":["GET"]}}],"collection":[{"href":"https:\/\/automa.pt\/loja\/wp-json\/wp\/v2\/product"}],"about":[{"href":"https:\/\/automa.pt\/loja\/wp-json\/wp\/v2\/types\/product"}],"replies":[{"embeddable":true,"href":"https:\/\/automa.pt\/loja\/wp-json\/wp\/v2\/comments?post=2960"}],"wp:featuredmedia":[{"embeddable":true,"href":"https:\/\/automa.pt\/loja\/wp-json\/wp\/v2\/media\/4202"}],"wp:attachment":[{"href":"https:\/\/automa.pt\/loja\/wp-json\/wp\/v2\/media?parent=2960"}],"wp:term":[{"taxonomy":"product_cat","embeddable":true,"href":"https:\/\/automa.pt\/loja\/wp-json\/wp\/v2\/product_cat?post=2960"},{"taxonomy":"product_tag","embeddable":true,"href":"https:\/\/automa.pt\/loja\/wp-json\/wp\/v2\/product_tag?post=2960"}],"curies":[{"name":"wp","href":"https:\/\/api.w.org\/{rel}","templated":true}]}}