{"id":2797,"date":"2019-08-12T13:33:18","date_gmt":"2019-08-12T13:33:18","guid":{"rendered":"https:\/\/automa.pt\/?post_type=product&#038;p=2797"},"modified":"2025-02-10T12:23:08","modified_gmt":"2025-02-10T12:23:08","slug":"capacete-de-seguranca-abs","status":"publish","type":"product","link":"https:\/\/automa.pt\/loja\/produto\/capacete-de-seguranca-abs\/","title":{"rendered":"Capacete de seguran\u00e7a em ABS"},"content":{"rendered":"<h2>Capacete de seguran\u00e7a em ABS<\/h2>\n<p><span lang=\"PT\">O capacete de seguran\u00e7a em ABS possui tratamento anti UV, 3 orif\u00edcios de ventila\u00e7\u00e3o e banda de suor para maior conforto do seu utilizador. O arn\u00eas com ajuste manual atrav\u00e9s de roda dentada \u00e9 injetados em polietileno com 4 pontos de fixa\u00e7\u00e3o.\u00a0<\/span><\/p>\n<p><span lang=\"PT\">Todos os EPI\u2019s s\u00e3o essenciais para a preven\u00e7\u00e3o de acidentes no trabalho mas, quando falamos de profiss\u00f5es relacionadas com a constru\u00e7\u00e3o civil, o capacete de seguran\u00e7a assume protagonismo.\u00a0<\/span><span lang=\"PT\">Nestas profiss\u00f5es, a cabe\u00e7a \u00e9 uma das partes do corpo mais expostas e, por isso, importa garantir a sua prote\u00e7\u00e3o contra impactos e ferimentos, causados pela queda de materiais.<\/span><\/p>\n<p>Os equipamentos destinados \u00e0 prote\u00e7\u00e3o da cabe\u00e7a s\u00e3o concebidos e fabricados em diferentes modelos e materiais, de acordo com o risco espec\u00edfico a proteger, nomeadamente: impactos, proje\u00e7\u00e3o de part\u00edculas e contactos el\u00e9tricos.<\/p>\n<p><span lang=\"PT\">Todos os capacetes devem satisfazer os requisitos das Normas Portuguesas ou Europeias, contendo uma marca\u00e7\u00e3o de forma leg\u00edvel com as seguintes indica\u00e7\u00f5es:<span class=\"apple-converted-space\">\u00a0<\/span><strong>(1) <\/strong>N\u00famero da norma;<span class=\"apple-converted-space\">\u00a0<\/span><strong>(2) <\/strong>Refer\u00eancia de identifica\u00e7\u00e3o do fabricante;<strong>(3) <\/strong>Data de fabrico;<strong>(4) <\/strong>Dimens\u00e3o ou escala de dimens\u00f5es;<span class=\"apple-converted-space\">\u00a0<\/span><strong>(5)<\/strong><span class=\"apple-converted-space\"><b>\u00a0<\/b><\/span>Tipo de capacete de seguran\u00e7a. <\/span><\/p>\n<p><span lang=\"PT\">Na<span class=\"apple-converted-space\">\u00a0<\/span><strong>AUTOMA<\/strong>, dispomos de uma oferta variada de capacetes de seguran\u00e7a, dos tipos I e II, adequados a diferentes necessidades, utiliza\u00e7\u00f5es e profiss\u00f5es.<\/span><\/p>\n<p>Identificar, analisar e avaliar os agentes ambientais \u00e9 essencial para a defini\u00e7\u00e3o dos Equipamentos de Prote\u00e7\u00e3o Individual mais\u00a0corretos para\u00a0cada tarefa ou processo de trabalho. O equipamento n\u00e3o modificar\u00e1 a dimens\u00e3o do risco sendo a sua fun\u00e7\u00e3o reduzir ou eliminar a sua a\u00e7\u00e3o no trabalhador.<br \/>\nPor isso, \u00e9 fundamental que todos saibam concretamente as raz\u00f5es para utiliza\u00e7\u00e3o dos Equipamentos de Prote\u00e7\u00e3o Individual,\u00a0assim como a forma correta de uso no sentido de garantir a efici\u00eancia do produto e seguran\u00e7a individual.<\/p>\n","protected":false},"excerpt":{"rendered":"<h2>Capacete de seguran\u00e7a em ABS, de ajuste manual.<\/h2>\n<p>Solicite cota\u00e7\u00e3o e portes deste produto preenchendo o formul\u00e1rio abaixo indicado:<br \/>\n[contact-form-7 id=\"74\" title=\"Formul\u00e1rio geral\"]<\/p>\n","protected":false},"featured_media":2806,"comment_status":"open","ping_status":"closed","template":"","meta":{"_mi_skip_tracking":false},"product_cat":[114],"product_tag":[174],"class_list":{"0":"post-2797","1":"product","2":"type-product","3":"status-publish","4":"has-post-thumbnail","6":"product_cat-capacetes","7":"product_tag-capacete-de-seguranca","9":"first","10":"instock","11":"taxable","12":"shipping-taxable","13":"purchasable","14":"product-type-variable"},"_links":{"self":[{"href":"https:\/\/automa.pt\/loja\/wp-json\/wp\/v2\/product\/2797","targetHints":{"allow":["GET"]}}],"collection":[{"href":"https:\/\/automa.pt\/loja\/wp-json\/wp\/v2\/product"}],"about":[{"href":"https:\/\/automa.pt\/loja\/wp-json\/wp\/v2\/types\/product"}],"replies":[{"embeddable":true,"href":"https:\/\/automa.pt\/loja\/wp-json\/wp\/v2\/comments?post=2797"}],"wp:featuredmedia":[{"embeddable":true,"href":"https:\/\/automa.pt\/loja\/wp-json\/wp\/v2\/media\/2806"}],"wp:attachment":[{"href":"https:\/\/automa.pt\/loja\/wp-json\/wp\/v2\/media?parent=2797"}],"wp:term":[{"taxonomy":"product_cat","embeddable":true,"href":"https:\/\/automa.pt\/loja\/wp-json\/wp\/v2\/product_cat?post=2797"},{"taxonomy":"product_tag","embeddable":true,"href":"https:\/\/automa.pt\/loja\/wp-json\/wp\/v2\/product_tag?post=2797"}],"curies":[{"name":"wp","href":"https:\/\/api.w.org\/{rel}","templated":true}]}}