{"id":2786,"date":"2019-08-12T13:23:46","date_gmt":"2019-08-12T13:23:46","guid":{"rendered":"https:\/\/automa.pt\/?post_type=product&#038;p=2786"},"modified":"2025-02-10T12:54:26","modified_gmt":"2025-02-10T12:54:26","slug":"capacete-de-seguranca","status":"publish","type":"product","link":"https:\/\/automa.pt\/loja\/produto\/capacete-de-seguranca\/","title":{"rendered":"Capacete de Seguran\u00e7a em Polietileno"},"content":{"rendered":"<h2>Capacete de Seguran\u00e7a<\/h2>\n<p>O Capacete de Seguran\u00e7a da Automa \u00e9 em polietileno com dupla densidade. \u00c9 uma solu\u00e7\u00e3o que combina prote\u00e7\u00e3o e conforto para os profissionais em ambientes de trabalho desafiadores. Este capacete oferece resist\u00eancia excecional a impactos, garantindo a seguran\u00e7a do usu\u00e1rio em diversas situa\u00e7\u00f5es. A banda de suor integrada proporciona conforto ao absorver a umidade, mesmo durante longos per\u00edodos de uso.<\/p>\n<p>O arn\u00eas de ajuste manual permite que o capacete seja adaptado ao tamanho da cabe\u00e7a, proporcionando um ajuste personalizado. As ranhuras laterais oferecem a conveni\u00eancia de fixar acess\u00f3rios adicionais, como protetores auriculares ou viseiras, conforme necess\u00e1rio.<\/p>\n<p>O capacete possui isolamento el\u00e9trico, fornecendo uma camada adicional de prote\u00e7\u00e3o contra choques el\u00e9tricos em ambientes de trabalho energizados. A Automa tem este modelo em sete cores: branco, amarelo, vermelho, laranja, preto, verde, e azul.<\/p>\n<p>Todos os EPI\u2019s s\u00e3o essenciais para a preven\u00e7\u00e3o de acidentes no trabalho. Contudo, o capacete assume o protagonismo em diversas \u00e1reas especialmente constru\u00e7\u00e3o civil. Nestas profiss\u00f5es, a cabe\u00e7a \u00e9 uma das partes do corpo mais expostas, por isso, garantir a sua prote\u00e7\u00e3o contra impactos.<\/p>\n<p>Os equipamentos destinados \u00e0 prote\u00e7\u00e3o da cabe\u00e7a s\u00e3o concebidos e fabricados em diferentes modelos e materiais. S\u00e3o fabricados de acordo com o risco espec\u00edfico a proteger, nomeadamente: impactos, proje\u00e7\u00e3o de part\u00edculas e contactos el\u00e9tricos.<\/p>\n<h5>Na\u00a0Automa, dispomos de uma oferta variada de capacetes de seguran\u00e7a, dos tipos I e II, adequados a diferentes necessidades, utiliza\u00e7\u00f5es e profiss\u00f5es.<\/h5>\n<p>Identificar e avaliar os agentes ambientais \u00e9 essencial para a defini\u00e7\u00e3o dos Equipamentos de Prote\u00e7\u00e3o Individual corretos para\u00a0cada tarefa. O equipamento n\u00e3o modificar\u00e1 a dimens\u00e3o do risco sendo a sua fun\u00e7\u00e3o reduzir ou eliminar a sua a\u00e7\u00e3o no trabalhador.<\/p>\n<p>\u00c9 fundamental que todos saibam concretamente as raz\u00f5es para utiliza\u00e7\u00e3o dos Equipamentos de Prote\u00e7\u00e3o Individual.\u00a0Como tamb\u00e9m \u00e9 crucial a forma correta de uso no sentido de garantir a efici\u00eancia do produto e seguran\u00e7a individual.<\/p>\n<p>&nbsp;<\/p>\n<h5>Este \u00e9 um produto que cumpre os requisitos da Norma EN397 \/ EN50365.<\/h5>\n<p>A Norma EN397 estabelece os requisitos m\u00ednimos de desempenho para capacetes de seguran\u00e7a em ambientes de trabalho. Inclu\u00ed resist\u00eancia ao impacto, penetra\u00e7\u00e3o, inflamabilidade, resist\u00eancia \u00e0 deforma\u00e7\u00e3o e muito mais. Este capacete cumpre rigorosamente esses padr\u00f5es, proporcionando tranquilidade aos usu\u00e1rios quanto \u00e0 sua prote\u00e7\u00e3o.<\/p>\n<p>O capacete atende aos requisitos da Norma EN50365, que estabelece os padr\u00f5es para capacetes de prote\u00e7\u00e3o el\u00e9trica. Assim, garante que o produto ofere\u00e7a isolamento el\u00e9trico adequado para proteger os trabalhadores contra riscos el\u00e9tricos em ambientes energizados.<\/p>\n<p>Com o capacete de seguran\u00e7a pode ter certeza de que est\u00e1 a investir num produto que n\u00e3o apenas atende as necessidades do profissional. Est\u00e1 a investir num capacete que excede os mais altos padr\u00f5es de seguran\u00e7a estabelecidos pela legisla\u00e7\u00e3o europeia. A sua seguran\u00e7a \u00e9 nossa prioridade!<\/p>\n<p>&nbsp;<\/p>\n<h3>Automa &#8211; Engenharia Industrial &amp; Humana<\/h3>\n<p>Especializada em engenharia industrial e em equipamentos de prote\u00e7\u00e3o individual, a AUTOMA est\u00e1 no mundo corporativo h\u00e1 tr\u00eas d\u00e9cadas. As solu\u00e7\u00f5es de automa\u00e7\u00e3o s\u00e3o o core business da Automa desde a sua funda\u00e7\u00e3o, em 1981. A Automa \u00e9 uma empresa de refer\u00eancia no mercado da engenharia industrial. Contudo, oferece tamb\u00e9m solu\u00e7\u00f5es adaptadas a cada cliente nos seus equipamentos de prote\u00e7\u00e3o individual. A Automa tem desenvolvido um comportamento cada vez mais \u00e9tico e sustent\u00e1vel para com o planeta.<\/p>\n<p>Escolher a Automa \u00e9 preferir uma marca constru\u00edda por profissionais para profissionais.<\/p>\n<p>&nbsp;<\/p>\n<p>Solicite cota\u00e7\u00e3o e portes deste produto preenchendo o formul\u00e1rio abaixo indicado:<br \/>\n[contact-form-7 id=&#8221;74&#8243; title=&#8221;Formul\u00e1rio geral&#8221;<\/p>\n","protected":false},"excerpt":{"rendered":"<p><strong><span lang=\"PT\">CAPACETE DE SEGURAN\u00c7A AUTOMA<\/span><\/strong><\/p>\n<p>O capacete de seguran\u00e7a em polietileno de alta densidade possui 6 orif\u00edcios de ventila\u00e7\u00e3o. Possu\u00ed banda de suor o que aumenta significativamente o conforto do seu utilizador. O arn\u00eas, para ajuste manual do tamanho, \u00e9 injetado a polietileno e possui 6 pontos de fixa\u00e7\u00e3o.<\/p>\n<p>&nbsp;<\/p>\n<p>EN397 \/ EN50365<\/p>\n","protected":false},"featured_media":2787,"comment_status":"open","ping_status":"closed","template":"","meta":{"_mi_skip_tracking":false},"product_cat":[114],"product_tag":[174],"class_list":{"0":"post-2786","1":"product","2":"type-product","3":"status-publish","4":"has-post-thumbnail","6":"product_cat-capacetes","7":"product_tag-capacete-de-seguranca","9":"first","10":"instock","11":"taxable","12":"shipping-taxable","13":"purchasable","14":"product-type-variable"},"_links":{"self":[{"href":"https:\/\/automa.pt\/loja\/wp-json\/wp\/v2\/product\/2786","targetHints":{"allow":["GET"]}}],"collection":[{"href":"https:\/\/automa.pt\/loja\/wp-json\/wp\/v2\/product"}],"about":[{"href":"https:\/\/automa.pt\/loja\/wp-json\/wp\/v2\/types\/product"}],"replies":[{"embeddable":true,"href":"https:\/\/automa.pt\/loja\/wp-json\/wp\/v2\/comments?post=2786"}],"wp:featuredmedia":[{"embeddable":true,"href":"https:\/\/automa.pt\/loja\/wp-json\/wp\/v2\/media\/2787"}],"wp:attachment":[{"href":"https:\/\/automa.pt\/loja\/wp-json\/wp\/v2\/media?parent=2786"}],"wp:term":[{"taxonomy":"product_cat","embeddable":true,"href":"https:\/\/automa.pt\/loja\/wp-json\/wp\/v2\/product_cat?post=2786"},{"taxonomy":"product_tag","embeddable":true,"href":"https:\/\/automa.pt\/loja\/wp-json\/wp\/v2\/product_tag?post=2786"}],"curies":[{"name":"wp","href":"https:\/\/api.w.org\/{rel}","templated":true}]}}