{"id":2724,"date":"2019-06-07T08:51:25","date_gmt":"2019-06-07T08:51:25","guid":{"rendered":"https:\/\/automa.pt\/?post_type=product&#038;p=2724"},"modified":"2026-01-01T00:01:50","modified_gmt":"2026-01-01T00:01:50","slug":"calcado-de-seguranca-bota-borba","status":"publish","type":"product","link":"https:\/\/automa.pt\/loja\/produto\/calcado-de-seguranca-bota-borba\/","title":{"rendered":"Borba"},"content":{"rendered":"<h2><strong>Cal\u00e7ado de Seguran\u00e7a Portcal S3<\/strong><\/h2>\n<h2><strong>Cal\u00e7ado de Seguran\u00e7a Borba<\/strong><\/h2>\n<p>O cal\u00e7ado de seguran\u00e7a Borba oferece qualidade e desempenho superiores atrav\u00e9s da sola dupla em PU e da palmilha Kevlar. Estas carater\u00edsticas aumentam a sua durabilidade e o conforto em usos intensivos. A sua propriedade totalmente n\u00e3o met\u00e1lica torna-a mais leve e confort\u00e1vel.<\/p>\n<p>A bota Borba \u00e9 resistente a hidrocarbonetos , a \u00f3leos e gorduras. Est\u00e1 totalmente adaptada para ser usada em profiss\u00f5es de interior ou exterior. O seu forro t\u00eaxtil, para maior absor\u00e7\u00e3o da transpira\u00e7\u00e3o, aliado aos materiais mais frescos do corte torna a bota Borba uma solu\u00e7\u00e3o mais indicada para a Primavera e Ver\u00e3o.<\/p>\n<p>O cal\u00e7ado de seguran\u00e7a Borba \u00e9 muito mais que uma simples bota para prote\u00e7\u00e3o no trabalho. O seu corte combina pele e Cordura resinada com pequenos detalhes de cor que o tornam mais apelativo.<\/p>\n<p>Este produto cumpre os requisitos da Norma EN ISO 20345:2011 S3 SRC.<\/p>\n<p><span style=\"font-size: 0.9rem\">As suas carater\u00edsticas S3 indicam que tem mais do que seguran\u00e7a b\u00e1sica. O cal\u00e7ado \u00e9 antiderrapante e tem uma biqueira de seguran\u00e7a que protege os seus p\u00e9s contra impactos at\u00e9 200J. Tem a regi\u00e3o do calcanhar fechada e um sistema de absor\u00e7\u00e3o de energia no calcanhar, \u00e9 anti est\u00e1tico e resistente a \u00f3leos. Previne a penetra\u00e7\u00e3o e absor\u00e7\u00e3o de \u00e1gua e tem uma palmilha de prote\u00e7\u00e3o contra objetos pontiagudos.<\/span><\/p>\n<p>&nbsp;<\/p>\n<h3>Portcal &#8211; Shoes from Portugal<\/h3>\n<p>A Portcal \u00e9 uma marca da ICC \u2013 Ind\u00fastrias e Com\u00e9rcio de Cal\u00e7ado, S.A. -, empresa portuguesa l\u00edder nacional na produ\u00e7\u00e3o de cal\u00e7ado de seguran\u00e7a. Nascida em 1999, a Portcal produz cal\u00e7ado de seguran\u00e7a de qualidade, garantindo conforto e adequa\u00e7\u00e3o \u00e0s diversas exig\u00eancias dos locais de trabalho. A Portcal disp\u00f5e de uma gama variada de modelos, caraterizando-se pela rigorosa sele\u00e7\u00e3o de materiais para a produ\u00e7\u00e3o de cal\u00e7ado resistente, a pre\u00e7os competitivos.<\/p>\n<p>Escolher Portcal \u00e9 preferir uma marca Portuguesa de cal\u00e7ado de seguran\u00e7a e beneficiar de maior conforto no trabalho.<\/p>\n","protected":false},"excerpt":{"rendered":"<p><strong>CAL\u00c7ADO DE SEGURAN\u00c7A PORTCAL<\/strong><\/p>\n<p>O cal\u00e7ado de seguran\u00e7a Borba \u00e9 ideal para as profiss\u00f5es cujo os seus ambientes de trabalho s\u00e3o mais complexos e desafiadores. Desenvolvida para oferecer resist\u00eancia excecional, a bota Borba cont\u00e9m uma sola de dupla densidade em PU e ainda uma biqueira em Composite.<\/p>\n<p>&nbsp;<\/p>\n<p>EN ISO 20345:2011 S3 SRC<\/p>\n<p>&nbsp;<\/p>\n<p>Est\u00e1 dispon\u00edvel nos tamanhos 36 a 47.<\/p>\n","protected":false},"featured_media":4037,"comment_status":"open","ping_status":"closed","template":"","meta":{"_mi_skip_tracking":false},"product_cat":[193,104,106,184],"product_tag":[162,159,160,164],"class_list":{"0":"post-2724","1":"product","2":"type-product","3":"status-publish","4":"has-post-thumbnail","6":"product_cat-setores-de-atividade-industria-ligeira-e-logistica","7":"product_cat-calcado-de-seguranca","8":"product_cat-botas","9":"product_cat-portcal-calcado-de-seguranca","10":"product_tag-botas","11":"product_tag-calcado-de-seguranca","12":"product_tag-calcado-profissional","13":"product_tag-portcal","15":"first","16":"instock","17":"taxable","18":"shipping-taxable","19":"purchasable","20":"product-type-variable"},"_links":{"self":[{"href":"https:\/\/automa.pt\/loja\/wp-json\/wp\/v2\/product\/2724","targetHints":{"allow":["GET"]}}],"collection":[{"href":"https:\/\/automa.pt\/loja\/wp-json\/wp\/v2\/product"}],"about":[{"href":"https:\/\/automa.pt\/loja\/wp-json\/wp\/v2\/types\/product"}],"replies":[{"embeddable":true,"href":"https:\/\/automa.pt\/loja\/wp-json\/wp\/v2\/comments?post=2724"}],"wp:featuredmedia":[{"embeddable":true,"href":"https:\/\/automa.pt\/loja\/wp-json\/wp\/v2\/media\/4037"}],"wp:attachment":[{"href":"https:\/\/automa.pt\/loja\/wp-json\/wp\/v2\/media?parent=2724"}],"wp:term":[{"taxonomy":"product_cat","embeddable":true,"href":"https:\/\/automa.pt\/loja\/wp-json\/wp\/v2\/product_cat?post=2724"},{"taxonomy":"product_tag","embeddable":true,"href":"https:\/\/automa.pt\/loja\/wp-json\/wp\/v2\/product_tag?post=2724"}],"curies":[{"name":"wp","href":"https:\/\/api.w.org\/{rel}","templated":true}]}}