{"id":2384,"date":"2019-03-07T16:30:49","date_gmt":"2019-03-07T16:30:49","guid":{"rendered":"https:\/\/automa.pt\/?post_type=product&#038;p=2384"},"modified":"2025-02-25T10:36:17","modified_gmt":"2025-02-25T10:36:17","slug":"calcado-de-seguranca-bota-e18-blue","status":"publish","type":"product","link":"https:\/\/automa.pt\/loja\/produto\/calcado-de-seguranca-bota-e18-blue\/","title":{"rendered":"E18 Blue"},"content":{"rendered":"<h2><strong>Cal\u00e7ado de Seguran\u00e7a Lavoro<\/strong><\/h2>\n<h2><strong>Cal\u00e7ado de Seguran\u00e7a E18 Blue<\/strong><\/h2>\n<p>Este cal\u00e7ado de seguran\u00e7a \u00e9 a op\u00e7\u00e3o ideal para profissionais que procuram conforto e seguran\u00e7a no ambiente de trabalho. O E18 Blue atende \u00e0s necessidades dos profissionais da ind\u00fastria pesada e da constru\u00e7\u00e3o e energia.<\/p>\n<p>Fabricado com nubuck de alta qualidade, proporciona durabilidade e resist\u00eancia, mantendo os p\u00e9s protegidos. A biqueira em a\u00e7o proporciona prote\u00e7\u00e3o contra impactos, mantendo os p\u00e9s seguros em ambientes de trabalho exigentes.<\/p>\n<p>A palmilha de Kevlar oferece uma camada adicional de prote\u00e7\u00e3o contra objetos cortantes, garantindo conforto e seguran\u00e7a ao usu\u00e1rio. A sola de PU e borracha oferece excelente ader\u00eancia e durabilidade, proporcionando estabilidade em diferentes tipos de superf\u00edcies.<\/p>\n<p>Este cal\u00e7ado \u00e9 ESD (Electrostatic Discharge Safe), o que significa que dissipa a eletricidade est\u00e1tica de forma segura. Assim, esta carater\u00edstica protege o profissional contra poss\u00edveis danos causados por descargas el\u00e9tricas.<\/p>\n<p>Este \u00e9 um cal\u00e7ado de seguran\u00e7a que cumpre os requisitos da Norma EN ISO20345:2011 CE <strong>S3 HRO SRC.<\/strong><\/p>\n<p>As suas carater\u00edsticas S3 indicam que tem mais do que seguran\u00e7a b\u00e1sica. Este cal\u00e7ado \u00e9 antiderrapante e tem uma biqueira de seguran\u00e7a que protege os seus p\u00e9s contra impactos at\u00e9 200J. Tem a regi\u00e3o do calcanhar fechada e um sistema de absor\u00e7\u00e3o de energia no calcanhar, \u00e9 anti est\u00e1tico e resistente a \u00f3leos. Previne a penetra\u00e7\u00e3o e absor\u00e7\u00e3o de \u00e1gua e tem uma palmilha de prote\u00e7\u00e3o contra objetos pontiagudos.<\/p>\n<p>&nbsp;<\/p>\n<h3><strong>LAVORO &#8211; Engineering Life<\/strong><\/h3>\n<p>A Lavoro \u00e9 uma marca que possu\u00ed o selo VHQ (Very High Quality) que acrescenta um atestado de conformidade do cal\u00e7ado profissional com a adequada manuten\u00e7\u00e3o da sa\u00fade do p\u00e9 em contexto laboral. Desde 1988, a Lavoro \u00e9 um dos mais renomados produtores europeus de cal\u00e7ado profissional com uma procura constante pelo melhor. As carater\u00edsticas CLIMA CORK SYSTEM e RSA est\u00e3o presentes em alguns modelos e \u00e9 o que torna a Lavoro \u00fanica e inovativa.<\/p>\n<p>Escolher a Lavoro \u00e9 preferir uma marca de cal\u00e7ado de seguran\u00e7a com carater\u00edsticas inovativas que permitem o maior conforto.<\/p>\n","protected":false},"excerpt":{"rendered":"<p><strong>CAL\u00c7ADO DE SEGURAN\u00c7A LAVORO <\/strong><\/p>\n<p>O E18 Blue \u00e9 um cal\u00e7ado de seguran\u00e7a que atende \u00e0s necessidades dos profissionais da ind\u00fastria pesada, da constru\u00e7\u00e3o e energia. Esta bota \u00e9 a escolha perfeita para quem valoriza alta qualidade, desempenho e conforto. Nas cores mel, preta e castanha, apresenta-se num estilo nubuck arrojado, para os mais distintos ambientes, incluindo a constru\u00e7\u00e3o civil.<\/p>\n<p>&nbsp;<\/p>\n<p>EN ISO20345:2011 CE <strong>S3 HRO SRC<\/strong><\/p>\n<p>&nbsp;<\/p>\n<p>Encontra-se dispon\u00edvel nos tamanhos 35 a 48.<\/p>\n","protected":false},"featured_media":4330,"comment_status":"open","ping_status":"closed","template":"","meta":{"_mi_skip_tracking":false},"product_cat":[211,194,104,106,186,207],"product_tag":[162,159,160,163],"class_list":{"0":"post-2384","1":"product","2":"type-product","3":"status-publish","4":"has-post-thumbnail","6":"product_cat-setores-de-atividade-construcao-e-energia","7":"product_cat-setores-de-atividade-industria-pesada-e-atividades-especializadas","8":"product_cat-calcado-de-seguranca","9":"product_cat-botas","10":"product_cat-mulher","11":"product_cat-lavoro-automa","12":"product_tag-botas","13":"product_tag-calcado-de-seguranca","14":"product_tag-calcado-profissional","15":"product_tag-lavoro","17":"first","18":"instock","19":"sale","20":"sold-individually","21":"taxable","22":"shipping-taxable","23":"purchasable","24":"product-type-variable","25":"has-default-attributes"},"_links":{"self":[{"href":"https:\/\/automa.pt\/loja\/wp-json\/wp\/v2\/product\/2384","targetHints":{"allow":["GET"]}}],"collection":[{"href":"https:\/\/automa.pt\/loja\/wp-json\/wp\/v2\/product"}],"about":[{"href":"https:\/\/automa.pt\/loja\/wp-json\/wp\/v2\/types\/product"}],"replies":[{"embeddable":true,"href":"https:\/\/automa.pt\/loja\/wp-json\/wp\/v2\/comments?post=2384"}],"wp:featuredmedia":[{"embeddable":true,"href":"https:\/\/automa.pt\/loja\/wp-json\/wp\/v2\/media\/4330"}],"wp:attachment":[{"href":"https:\/\/automa.pt\/loja\/wp-json\/wp\/v2\/media?parent=2384"}],"wp:term":[{"taxonomy":"product_cat","embeddable":true,"href":"https:\/\/automa.pt\/loja\/wp-json\/wp\/v2\/product_cat?post=2384"},{"taxonomy":"product_tag","embeddable":true,"href":"https:\/\/automa.pt\/loja\/wp-json\/wp\/v2\/product_tag?post=2384"}],"curies":[{"name":"wp","href":"https:\/\/api.w.org\/{rel}","templated":true}]}}