{"id":2175,"date":"2019-03-07T15:23:41","date_gmt":"2019-03-07T15:23:41","guid":{"rendered":"https:\/\/automa.pt\/?post_type=product&#038;p=2175"},"modified":"2025-02-28T00:03:18","modified_gmt":"2025-02-28T00:03:18","slug":"calcado-de-seguranca-lando","status":"publish","type":"product","link":"https:\/\/automa.pt\/loja\/produto\/calcado-de-seguranca-lando\/","title":{"rendered":"Lando"},"content":{"rendered":"<h2><strong>Cal\u00e7ado de Seguran\u00e7a Lavoro<\/strong><\/h2>\n<p>Cal\u00e7ado de Seguran\u00e7a Lando<\/p>\n<p>O Lando \u00e9 um cal\u00e7ado de seguran\u00e7a confi\u00e1vel para os profissionais que atuam na ind\u00fastria pesada. \u00c9 uma bota que combina resist\u00eancia, conforto e seguran\u00e7a nos ambientes mais complexos.<\/p>\n<p>Fabricado com nubuck de alta qualidade, oferece durabilidade e resist\u00eancia. Com a sua composi\u00e7\u00e3o 100% n\u00e3o met\u00e1lica, o Lando proporciona leveza e conforto ao profissional, sem comprometer a seguran\u00e7a.<\/p>\n<p>A biqueira em composite oferece prote\u00e7\u00e3o contra impactos e compress\u00f5es, garantindo a integridade dos p\u00e9s durante o trabalho. A palmilha de Kevlar adiciona uma camada adicional de prote\u00e7\u00e3o contra objetos cortantes, proporcionando conforto e seguran\u00e7a em cada passo.<\/p>\n<p>Este modelo \u00e9 ESD, ou seja, \u00e9 projetado para dissipar a eletricidade est\u00e1tica de forma segura, protegendo contra poss\u00edveis danos causados por descargas el\u00e9tricas.<\/p>\n<p>A sola de PU e borracha oferece excelente ader\u00eancia e resist\u00eancia ao desgaste, proporcionando estabilidade em diferentes tipos de superf\u00edcies, enquanto a sola antiderrapante garante seguran\u00e7a adicional em ambientes escorregadios.<\/p>\n<p>Este \u00e9 um cal\u00e7ado de seguran\u00e7a que cumpre os requisitos da Norma EN ISO20345:2011 CE <strong>S3 HRO SRC.<\/strong><\/p>\n<p>As suas carater\u00edsticas S3 indicam que tem mais do que seguran\u00e7a b\u00e1sica. Este cal\u00e7ado \u00e9 antiderrapante e tem uma biqueira de seguran\u00e7a que protege os seus p\u00e9s contra impactos at\u00e9 200J. Tem a regi\u00e3o do calcanhar fechada e um sistema de absor\u00e7\u00e3o de energia no calcanhar, \u00e9 anti est\u00e1tico e resistente a \u00f3leos. Previne a penetra\u00e7\u00e3o e absor\u00e7\u00e3o de \u00e1gua e tem uma palmilha de prote\u00e7\u00e3o contra objetos pontiagudos.<\/p>\n<p>&nbsp;<\/p>\n<h3><strong>LAVORO &#8211; Engineering Life<\/strong><\/h3>\n<p>A Lavoro \u00e9 uma marca que possu\u00ed o selo VHQ (Very High Quality) que acrescenta um atestado de conformidade do cal\u00e7ado profissional com a adequada manuten\u00e7\u00e3o da sa\u00fade do p\u00e9 em contexto laboral. Desde 1988, a Lavoro \u00e9 um dos mais renomados produtores europeus de cal\u00e7ado profissional com uma procura constante pelo melhor. As carater\u00edsticas CLIMA CORK SYSTEM e RSA est\u00e3o presentes em alguns modelos e \u00e9 o que torna a Lavoro \u00fanica e inovativa.<\/p>\n<p>Escolher a Lavoro \u00e9 preferir uma marca de cal\u00e7ado de seguran\u00e7a com carater\u00edsticas inovativas que permitem o maior conforto.<\/p>\n","protected":false},"excerpt":{"rendered":"<p>CAL\u00c7ADO DE SEGURAN\u00c7A LAVORO<\/p>\n<p>O bota de seguran\u00e7a Lando Brown est\u00e1 desenhado para atender \u00e0s necessidades do profissional da ind\u00fastria pesada atrav\u00e9s das suas carater\u00edsticas espec\u00edficas. Possu\u00ed sola antiderrapante e \u00e9 um modelo resistente \u00e0 \u00e1gua.<\/p>\n<p>Vers\u00e3o sapato dispon\u00edvel.<\/p>\n<p>&nbsp;<\/p>\n<p>EN ISO20345:2011 CE<strong> S3 HRO SRC<\/strong><\/p>\n<p>&nbsp;<\/p>\n<p>Encontra-se dispon\u00edvel nos tamanhos 35 a 48.<\/p>\n","protected":false},"featured_media":4381,"comment_status":"open","ping_status":"closed","template":"","meta":{"_mi_skip_tracking":false},"product_cat":[194,104,106,186,207],"product_tag":[162,159,160,163],"class_list":{"0":"post-2175","1":"product","2":"type-product","3":"status-publish","4":"has-post-thumbnail","6":"product_cat-setores-de-atividade-industria-pesada-e-atividades-especializadas","7":"product_cat-calcado-de-seguranca","8":"product_cat-botas","9":"product_cat-mulher","10":"product_cat-lavoro-automa","11":"product_tag-botas","12":"product_tag-calcado-de-seguranca","13":"product_tag-calcado-profissional","14":"product_tag-lavoro","16":"first","17":"instock","18":"taxable","19":"shipping-taxable","20":"purchasable","21":"product-type-variable","22":"has-default-attributes"},"_links":{"self":[{"href":"https:\/\/automa.pt\/loja\/wp-json\/wp\/v2\/product\/2175","targetHints":{"allow":["GET"]}}],"collection":[{"href":"https:\/\/automa.pt\/loja\/wp-json\/wp\/v2\/product"}],"about":[{"href":"https:\/\/automa.pt\/loja\/wp-json\/wp\/v2\/types\/product"}],"replies":[{"embeddable":true,"href":"https:\/\/automa.pt\/loja\/wp-json\/wp\/v2\/comments?post=2175"}],"wp:featuredmedia":[{"embeddable":true,"href":"https:\/\/automa.pt\/loja\/wp-json\/wp\/v2\/media\/4381"}],"wp:attachment":[{"href":"https:\/\/automa.pt\/loja\/wp-json\/wp\/v2\/media?parent=2175"}],"wp:term":[{"taxonomy":"product_cat","embeddable":true,"href":"https:\/\/automa.pt\/loja\/wp-json\/wp\/v2\/product_cat?post=2175"},{"taxonomy":"product_tag","embeddable":true,"href":"https:\/\/automa.pt\/loja\/wp-json\/wp\/v2\/product_tag?post=2175"}],"curies":[{"name":"wp","href":"https:\/\/api.w.org\/{rel}","templated":true}]}}