{"id":2156,"date":"2019-03-01T10:30:41","date_gmt":"2019-03-01T10:30:41","guid":{"rendered":"https:\/\/automa.pt\/?post_type=product&#038;p=2156"},"modified":"2026-01-01T00:01:49","modified_gmt":"2026-01-01T00:01:49","slug":"calcado-de-seguranca-guarda","status":"publish","type":"product","link":"https:\/\/automa.pt\/loja\/produto\/calcado-de-seguranca-guarda\/","title":{"rendered":"Guarda"},"content":{"rendered":"<h2><strong>Cal\u00e7ado de Seguran\u00e7a Portcal S3<\/strong><\/h2>\n<h2><strong>Cal\u00e7ado de Seguran\u00e7a Guarda<\/strong><\/h2>\n<p>O cal\u00e7ado de seguran\u00e7a Guarda \u00e9 uma bota extremamente resistente para trabalhos de exterior, como constru\u00e7\u00e3o civil e obras p\u00fablicas. As suas caracter\u00edsticas faz com que seja muito utilizada na jardinagem e na metalurgia. A sua sola, em PU diretamente injetado, aumenta a sua durabilidade reduzindo o desgaste t\u00edpico de um uso intensivo.<\/p>\n<p>Estas botas tem um corte em pele resistente \u00e0 penetra\u00e7\u00e3o de \u00e1gua. Este modelo tem uma pala almofadada para maior conforto \u00e9 a op\u00e7\u00e3o indicada para as profiss\u00f5es mais duras e exigentes. A sua biqueira e palmilha em a\u00e7o asseguram uma prote\u00e7\u00e3o alargada \u00e0 bota.<\/p>\n<p>A bota de seguran\u00e7a Guarda da Portcal cumpre os requisitos da Norma EN ISO 20345:2011 CE S3 SRC.<\/p>\n<p><span style=\"font-size: 0.9rem\">As suas carater\u00edsticas S3 indicam que tem mais do que seguran\u00e7a b\u00e1sica. O cal\u00e7ado \u00e9 antiderrapante e tem uma biqueira de seguran\u00e7a que protege os seus p\u00e9s contra impactos at\u00e9 200J. Tem a regi\u00e3o do calcanhar fechada e um sistema de absor\u00e7\u00e3o de energia no calcanhar, \u00e9 anti est\u00e1tico e resistente a \u00f3leos. Previne a penetra\u00e7\u00e3o e absor\u00e7\u00e3o de \u00e1gua e tem uma palmilha de prote\u00e7\u00e3o contra objetos pontiagudos.<\/span><\/p>\n<p>&nbsp;<\/p>\n<h3>Portcal &#8211; Shoes from Portugal<\/h3>\n<p>A Portcal \u00e9 uma marca da ICC \u2013 Ind\u00fastrias e Com\u00e9rcio de Cal\u00e7ado, S.A., empresa portuguesa l\u00edder nacional na produ\u00e7\u00e3o de cal\u00e7ado de seguran\u00e7a.\u00a0Nascida em 1999, a Portcal produz cal\u00e7ado de seguran\u00e7a de qualidade, garantindo conforto\u00a0e adequa\u00e7\u00e3o \u00e0s diversas exig\u00eancias dos locais de trabalho.\u00a0A Portcal disp\u00f5e de uma gama variada de modelos, caraterizando-se pela rigorosa sele\u00e7\u00e3o de materiais para a produ\u00e7\u00e3o de cal\u00e7ado resistente, a pre\u00e7os competitivos.\u00a0Quem escolhe Portcal tem a garantia dos mais elevados n\u00edveis de seguran\u00e7a e conforto no trabalho.<\/p>\n<div id=\"product-tab\" class=\"woocommerce-tabs woocommerce-tabs-6o9etdrh8gjoxlmp3jw45nle5js30q1 resp-htabs style-2\">\n<div class=\"resp-tabs-container\">\n<div id=\"tab-description\" class=\"tab-content resp-tab-content resp-tab-content-active\" aria-labelledby=\"tab_item-0\">\n<p>Escolher Portcal \u00e9 preferir uma marca Portuguesa de cal\u00e7ado de seguran\u00e7a e beneficiar de maior conforto no trabalho.<\/p>\n<\/div>\n<\/div>\n<\/div>\n<p>&nbsp;<\/p>\n","protected":false},"excerpt":{"rendered":"<p><strong>CAL\u00c7ADO DE SEGURAN\u00c7A PORTCAL<\/strong><\/p>\n<p>O cal\u00e7ado de seguran\u00e7a Guarda inspira-se na natureza selvagem da Serra da Estrela para garantir durabilidade nos ambientes mais in\u00f3spitos, assim sendo possu\u00ed uma biqueira e palmilha em a\u00e7o.<\/p>\n<p>\u00c9 utilizada em diversos ambientes de trabalho, mais especificamente\u00a0na constru\u00e7\u00e3o civil, na jardinagem e na metalurgia. Se procura durabilidade e prote\u00e7\u00e3o superior, o modelo Guarda \u00e9 a resposta ideal.<\/p>\n<p>&nbsp;<\/p>\n<p>EN ISO 20345:2011 CE S3 SRC<\/p>\n<p>&nbsp;<\/p>\n<p>Encontra-se dispon\u00edvel nos tamanhos 36 a 47.<\/p>\n","protected":false},"featured_media":4054,"comment_status":"open","ping_status":"closed","template":"","meta":{"_mi_skip_tracking":false},"product_cat":[211,194,104,106,184],"product_tag":[162,159,160,164],"class_list":{"0":"post-2156","1":"product","2":"type-product","3":"status-publish","4":"has-post-thumbnail","6":"product_cat-setores-de-atividade-construcao-e-energia","7":"product_cat-setores-de-atividade-industria-pesada-e-atividades-especializadas","8":"product_cat-calcado-de-seguranca","9":"product_cat-botas","10":"product_cat-portcal-calcado-de-seguranca","11":"product_tag-botas","12":"product_tag-calcado-de-seguranca","13":"product_tag-calcado-profissional","14":"product_tag-portcal","16":"first","17":"instock","18":"featured","19":"taxable","20":"shipping-taxable","21":"purchasable","22":"product-type-variable","23":"has-default-attributes"},"_links":{"self":[{"href":"https:\/\/automa.pt\/loja\/wp-json\/wp\/v2\/product\/2156","targetHints":{"allow":["GET"]}}],"collection":[{"href":"https:\/\/automa.pt\/loja\/wp-json\/wp\/v2\/product"}],"about":[{"href":"https:\/\/automa.pt\/loja\/wp-json\/wp\/v2\/types\/product"}],"replies":[{"embeddable":true,"href":"https:\/\/automa.pt\/loja\/wp-json\/wp\/v2\/comments?post=2156"}],"wp:featuredmedia":[{"embeddable":true,"href":"https:\/\/automa.pt\/loja\/wp-json\/wp\/v2\/media\/4054"}],"wp:attachment":[{"href":"https:\/\/automa.pt\/loja\/wp-json\/wp\/v2\/media?parent=2156"}],"wp:term":[{"taxonomy":"product_cat","embeddable":true,"href":"https:\/\/automa.pt\/loja\/wp-json\/wp\/v2\/product_cat?post=2156"},{"taxonomy":"product_tag","embeddable":true,"href":"https:\/\/automa.pt\/loja\/wp-json\/wp\/v2\/product_tag?post=2156"}],"curies":[{"name":"wp","href":"https:\/\/api.w.org\/{rel}","templated":true}]}}