{"id":2143,"date":"2019-03-01T10:26:38","date_gmt":"2019-03-01T10:26:38","guid":{"rendered":"https:\/\/automa.pt\/?post_type=product&#038;p=2143"},"modified":"2025-02-28T00:03:18","modified_gmt":"2025-02-28T00:03:18","slug":"calcado-de-seguranca-exploration-high","status":"publish","type":"product","link":"https:\/\/automa.pt\/loja\/produto\/calcado-de-seguranca-exploration-high\/","title":{"rendered":"Exploration High"},"content":{"rendered":"<h2><strong>Cal\u00e7ado de Seguran\u00e7a Lavoro\u00a0<\/strong><\/h2>\n<p>Cal\u00e7ado de Seguran\u00e7a Exploration High<\/p>\n<p>O Exploration High \u00e9 um cal\u00e7ado de seguran\u00e7a desenvolvido para atender \u00e0s necessidades dos profissionais na ind\u00fastria pesada, constru\u00e7\u00e3o e energia. \u00c9 tamb\u00e9m desenhado para profissionais que trabalham ao ar livre, como na floresta, agricultura e jardinagem.<\/p>\n<p>Com uma biqueira e uma palmilha de a\u00e7o, o Exploration High oferece prote\u00e7\u00e3o avan\u00e7ada contra impactos, garantindo a seguran\u00e7a dos p\u00e9s. A sola de PU proporciona amortecimento e resist\u00eancia \u00e0 abras\u00e3o, oferecendo estabilidade e durabilidade numa variedade de superf\u00edcies.<\/p>\n<p>O cal\u00e7ado \u00e9 revestido com Aquatex, tornando-o repelente \u00e0 \u00e1gua e ideal para ambientes h\u00famidos. \u00c9 antiest\u00e1tico, minimizando o ac\u00famulo de eletricidade est\u00e1tica e garantindo um ambiente de trabalho seguro em ambientes sens\u00edveis.<\/p>\n<p>A caracter\u00edstica antiderrapante do Exploration High proporciona excelente ader\u00eancia em superf\u00edcies escorregadias, reduzindo o risco de quedas e les\u00f5es.<\/p>\n<p>Este \u00e9 um cal\u00e7ado de seguran\u00e7a que cumpre os requisitos da Norma EN ISO 20345:2011 CE S3 SRC.<\/p>\n<p>As suas carater\u00edsticas S3 indicam que tem mais do que seguran\u00e7a b\u00e1sica. O cal\u00e7ado \u00e9 antiderrapante e tem uma biqueira de seguran\u00e7a que protege os seus p\u00e9s contra impactos at\u00e9 200J. Tem a regi\u00e3o do calcanhar fechada e um sistema de absor\u00e7\u00e3o de energia no calcanhar, \u00e9 anti est\u00e1tico e resistente a \u00f3leos. Previne a penetra\u00e7\u00e3o e absor\u00e7\u00e3o de \u00e1gua e tem uma palmilha de prote\u00e7\u00e3o contra objetos pontiagudos.<\/p>\n<p>&nbsp;<\/p>\n<h3><strong>LAVORO &#8211; Engineering Life<\/strong><\/h3>\n<p>A Lavoro \u00e9 uma marca que possu\u00ed o selo VHQ (Very High Quality) que acrescenta um atestado de conformidade do cal\u00e7ado profissional com a adequada manuten\u00e7\u00e3o da sa\u00fade do p\u00e9 em contexto laboral. Desde 1988, a Lavoro \u00e9 um dos mais renomados produtores europeus de cal\u00e7ado profissional com uma procura constante pelo melhor. As carater\u00edsticas CLIMA CORK SYSTEM e RSA est\u00e3o presentes em alguns modelos e \u00e9 o que torna a Lavoro \u00fanica e inovativa.<\/p>\n<p>Escolher a Lavoro \u00e9 preferir uma marca de cal\u00e7ado de seguran\u00e7a com carater\u00edsticas inovativas que permitem o maior conforto.<\/p>\n","protected":false},"excerpt":{"rendered":"<p>CAL\u00c7ADO DE SEGURAN\u00c7A LAVORO Exploration High<\/p>\n<p>O cal\u00e7ado de seguran\u00e7a Exploration High foi desenhado a pensar nos profissionais da ind\u00fastria pesada, constru\u00e7\u00e3o e energia. Atende \u00e1s necessidades dos trabalhadores da floresta, agricultura e da jardinagem. Este modelo oferece aos profissionais uma alta prote\u00e7\u00e3o e conforto nos ambientes mais complexos. A todas as vantagens do modelo Exploration Low, esta bota acrescenta o cano alto para uma maior prote\u00e7\u00e3o lateral.<\/p>\n<p>&nbsp;<\/p>\n<p>EN ISO 20345:2011 CE S3 SRC<\/p>\n<p>&nbsp;<\/p>\n<p>Encontra-se dispon\u00edvel nos tamanhos 39 a 48.<\/p>\n","protected":false},"featured_media":4401,"comment_status":"open","ping_status":"closed","template":"","meta":{"_mi_skip_tracking":false},"product_cat":[211,197,194,104,106,207],"product_tag":[162,159,160,163],"class_list":{"0":"post-2143","1":"product","2":"type-product","3":"status-publish","4":"has-post-thumbnail","6":"product_cat-setores-de-atividade-construcao-e-energia","7":"product_cat-setores-de-atividade-floresta-agricultura-jardinagem","8":"product_cat-setores-de-atividade-industria-pesada-e-atividades-especializadas","9":"product_cat-calcado-de-seguranca","10":"product_cat-botas","11":"product_cat-lavoro-automa","12":"product_tag-botas","13":"product_tag-calcado-de-seguranca","14":"product_tag-calcado-profissional","15":"product_tag-lavoro","17":"first","18":"instock","19":"taxable","20":"shipping-taxable","21":"purchasable","22":"product-type-variable"},"_links":{"self":[{"href":"https:\/\/automa.pt\/loja\/wp-json\/wp\/v2\/product\/2143","targetHints":{"allow":["GET"]}}],"collection":[{"href":"https:\/\/automa.pt\/loja\/wp-json\/wp\/v2\/product"}],"about":[{"href":"https:\/\/automa.pt\/loja\/wp-json\/wp\/v2\/types\/product"}],"replies":[{"embeddable":true,"href":"https:\/\/automa.pt\/loja\/wp-json\/wp\/v2\/comments?post=2143"}],"wp:featuredmedia":[{"embeddable":true,"href":"https:\/\/automa.pt\/loja\/wp-json\/wp\/v2\/media\/4401"}],"wp:attachment":[{"href":"https:\/\/automa.pt\/loja\/wp-json\/wp\/v2\/media?parent=2143"}],"wp:term":[{"taxonomy":"product_cat","embeddable":true,"href":"https:\/\/automa.pt\/loja\/wp-json\/wp\/v2\/product_cat?post=2143"},{"taxonomy":"product_tag","embeddable":true,"href":"https:\/\/automa.pt\/loja\/wp-json\/wp\/v2\/product_tag?post=2143"}],"curies":[{"name":"wp","href":"https:\/\/api.w.org\/{rel}","templated":true}]}}