{"id":2089,"date":"2019-03-01T10:07:10","date_gmt":"2019-03-01T10:07:10","guid":{"rendered":"https:\/\/automa.pt\/?post_type=product&#038;p=2089"},"modified":"2025-02-25T11:00:54","modified_gmt":"2025-02-25T11:00:54","slug":"calcado-de-seguranca-new-protector","status":"publish","type":"product","link":"https:\/\/automa.pt\/loja\/produto\/calcado-de-seguranca-new-protector\/","title":{"rendered":"New Protector"},"content":{"rendered":"<h2><strong>Cal\u00e7ado de Seguran\u00e7a Lavoro\u00a0<\/strong><\/h2>\n<h2><strong>Cal\u00e7ado de Seguran\u00e7a New Protector<\/strong><\/h2>\n<p>O New Protector \u00e9 um cal\u00e7ado de seguran\u00e7a projetado para proporcionar m\u00e1xima prote\u00e7\u00e3o e conforto em ambientes industriais desafiadores. Com uma biqueira e uma palmilha de a\u00e7o, as botas oferecem uma prote\u00e7\u00e3o robusta especificamente a profissionais da ind\u00fastria pesada.<\/p>\n<p>A sola de PU proporciona excelente amortecimento e resist\u00eancia \u00e0 abras\u00e3o, oferecendo estabilidade e durabilidade numa variedade de superf\u00edcies. O cal\u00e7ado \u00e9 equipado com tecnologia CCS (Controle de Contamina\u00e7\u00e3o Est\u00e1tica), o que \u00e9 essencial para ambientes sens\u00edveis.<\/p>\n<p>Com resist\u00eancia t\u00e9rmica at\u00e9 300\u00b0C, o New Protector \u00e9 suporta altas temperaturas, proporcionando seguran\u00e7a e conforto mesmo em ambientes quentes. O seu tratamento repelente \u00e0 \u00e1gua e caracter\u00edstica antiderrapante garantem prote\u00e7\u00e3o adicional e mant\u00eam os p\u00e9s secos em condi\u00e7\u00f5es h\u00famidas.<\/p>\n<p>O New Protector minimiza o ac\u00famulo de eletricidade est\u00e1tica, protegendo tanto o usu\u00e1rio quanto equipamentos sens\u00edveis.<\/p>\n<p>Este \u00e9 um cal\u00e7ado de seguran\u00e7a que cumpre os requisitos da Norma EN ISO 20345:2011 CE S3 SRC.<\/p>\n<p>As suas carater\u00edsticas S3 indicam que tem mais do que seguran\u00e7a b\u00e1sica. O cal\u00e7ado \u00e9 antiderrapante e tem uma biqueira de seguran\u00e7a que protege os seus p\u00e9s contra impactos at\u00e9 200J. Tem a regi\u00e3o do calcanhar fechada e um sistema de absor\u00e7\u00e3o de energia no calcanhar, \u00e9 anti est\u00e1tico e resistente a \u00f3leos. Previne a penetra\u00e7\u00e3o e absor\u00e7\u00e3o de \u00e1gua e tem uma palmilha de prote\u00e7\u00e3o contra objetos pontiagudos.<\/p>\n<p>&nbsp;<\/p>\n<h3><strong>LAVORO &#8211; Engineering Life<\/strong><\/h3>\n<p>A Lavoro \u00e9 uma marca que possu\u00ed o selo VHQ (Very High Quality) que acrescenta um atestado de conformidade do cal\u00e7ado profissional com a adequada manuten\u00e7\u00e3o da sa\u00fade do p\u00e9 em contexto laboral. Desde 1988, a Lavoro \u00e9 um dos mais renomados produtores europeus de cal\u00e7ado profissional com uma procura constante pelo melhor. As carater\u00edsticas CLIMA CORK SYSTEM e RSA est\u00e3o presentes em alguns modelos e \u00e9 o que torna a Lavoro \u00fanica e inovativa.<\/p>\n<p>Escolher a Lavoro \u00e9 preferir uma marca de cal\u00e7ado de seguran\u00e7a com carater\u00edsticas inovativas que permitem o maior conforto.<\/p>\n","protected":false},"excerpt":{"rendered":"<p><strong>CAL\u00c7ADO DE SEGURAN\u00c7A LAVORO\u00a0<\/strong><\/p>\n<p>O cal\u00e7ado de seguran\u00e7a New Protector foi desenhado a pensar nos profissionais da ind\u00fastria pesada. Este modelo oferece aos profissionais uma alta prote\u00e7\u00e3o e conforto nos ambientes mais complexos. A grande versatilidade n\u00e3o a impede de ser uma bota privilegiada pelos profissionais da fundi\u00e7\u00e3o e metalurgia.<\/p>\n<p>&nbsp;<\/p>\n<p>EN ISO 20345:2011 CE S3 SRC<\/p>\n<p>&nbsp;<\/p>\n<p>Encontra-se dispon\u00edvel nos tamanhos 39 a 47.<\/p>\n<p>&nbsp;<\/p>\n","protected":false},"featured_media":6230,"comment_status":"open","ping_status":"closed","template":"","meta":{"_mi_skip_tracking":false},"product_cat":[194,104,106,207],"product_tag":[162,159,160,163],"class_list":{"0":"post-2089","1":"product","2":"type-product","3":"status-publish","4":"has-post-thumbnail","6":"product_cat-setores-de-atividade-industria-pesada-e-atividades-especializadas","7":"product_cat-calcado-de-seguranca","8":"product_cat-botas","9":"product_cat-lavoro-automa","10":"product_tag-botas","11":"product_tag-calcado-de-seguranca","12":"product_tag-calcado-profissional","13":"product_tag-lavoro","15":"first","16":"instock","17":"sale","18":"taxable","19":"shipping-taxable","20":"purchasable","21":"product-type-variable"},"_links":{"self":[{"href":"https:\/\/automa.pt\/loja\/wp-json\/wp\/v2\/product\/2089","targetHints":{"allow":["GET"]}}],"collection":[{"href":"https:\/\/automa.pt\/loja\/wp-json\/wp\/v2\/product"}],"about":[{"href":"https:\/\/automa.pt\/loja\/wp-json\/wp\/v2\/types\/product"}],"replies":[{"embeddable":true,"href":"https:\/\/automa.pt\/loja\/wp-json\/wp\/v2\/comments?post=2089"}],"wp:featuredmedia":[{"embeddable":true,"href":"https:\/\/automa.pt\/loja\/wp-json\/wp\/v2\/media\/6230"}],"wp:attachment":[{"href":"https:\/\/automa.pt\/loja\/wp-json\/wp\/v2\/media?parent=2089"}],"wp:term":[{"taxonomy":"product_cat","embeddable":true,"href":"https:\/\/automa.pt\/loja\/wp-json\/wp\/v2\/product_cat?post=2089"},{"taxonomy":"product_tag","embeddable":true,"href":"https:\/\/automa.pt\/loja\/wp-json\/wp\/v2\/product_tag?post=2089"}],"curies":[{"name":"wp","href":"https:\/\/api.w.org\/{rel}","templated":true}]}}