{"id":1989,"date":"2019-03-01T09:34:02","date_gmt":"2019-03-01T09:34:02","guid":{"rendered":"https:\/\/automa.pt\/?post_type=product&#038;p=1989"},"modified":"2025-02-25T10:33:36","modified_gmt":"2025-02-25T10:33:36","slug":"calcado-de-seguranca-e02","status":"publish","type":"product","link":"https:\/\/automa.pt\/loja\/produto\/calcado-de-seguranca-e02\/","title":{"rendered":"E02"},"content":{"rendered":"<h2><strong>Cal\u00e7ado de Seguran\u00e7a Lavoro\u00a0<\/strong><\/h2>\n<h2><strong>Cal\u00e7ado de Seguran\u00e7a E02<\/strong><\/h2>\n<p>O E02 \u00e9 um cal\u00e7ado de seguran\u00e7a projetado para os ambientes mais desafiadores da ind\u00fastria pesada, da constru\u00e7\u00e3o e energia. Com recursos avan\u00e7ados, este modelo oferece prote\u00e7\u00e3o e conforto incompar\u00e1veis para os trabalhadores que enfrentam condi\u00e7\u00f5es extremas diariamente.<\/p>\n<p>Com uma biqueira de a\u00e7o e uma palmilha Kevlar, o E02 proporciona uma prote\u00e7\u00e3o superior contra perfura\u00e7\u00f5es, garantindo a seguran\u00e7a durante o trabalho.<\/p>\n<p>A sola de PU do E02 oferece excelente ader\u00eancia e resist\u00eancia \u00e0 abras\u00e3o, proporcionando estabilidade numa variedade de superf\u00edcies. O cal\u00e7ado \u00e9 equipado com tecnologia ESD e certifica\u00e7\u00e3o CCS, oferecendo prote\u00e7\u00e3o contra descargas eletrost\u00e1ticas e controle de contamina\u00e7\u00e3o est\u00e1tica.<\/p>\n<p>Com uma resist\u00eancia t\u00e9rmica de at\u00e9 300\u00b0C, o E02 \u00e9 suporta temperaturas elevadas, proporcionando seguran\u00e7a mesmo em ambientes quentes. O seu tratamento repelente \u00e0 \u00e1gua e design antiderrapante garantem prote\u00e7\u00e3o adicional e mant\u00eam os p\u00e9s secos em condi\u00e7\u00f5es h\u00famidas.<\/p>\n<p>Este \u00e9 um cal\u00e7ado de seguran\u00e7a que cumpre os requisitos da Norma EN ISO 20345:2011 CE S3 HRO SRC.<\/p>\n<p>As suas carater\u00edsticas S3 indicam que tem mais do que seguran\u00e7a b\u00e1sica. O cal\u00e7ado \u00e9 antiderrapante e tem uma biqueira de seguran\u00e7a que protege os seus p\u00e9s contra impactos at\u00e9 200J. Tem a regi\u00e3o do calcanhar fechada e um sistema de absor\u00e7\u00e3o de energia no calcanhar, \u00e9 anti est\u00e1tico e resistente a \u00f3leos. Previne a penetra\u00e7\u00e3o e absor\u00e7\u00e3o de \u00e1gua e tem uma palmilha de prote\u00e7\u00e3o contra objetos pontiagudos.<\/p>\n<p>&nbsp;<\/p>\n<h3><strong>LAVORO &#8211; Engineering Life<\/strong><\/h3>\n<p>A Lavoro \u00e9 uma marca que possu\u00ed o selo VHQ (Very High Quality) que acrescenta um atestado de conformidade do cal\u00e7ado profissional com a adequada manuten\u00e7\u00e3o da sa\u00fade do p\u00e9 em contexto laboral. Desde 1988, a Lavoro \u00e9 um dos mais renomados produtores europeus de cal\u00e7ado profissional com uma procura constante pelo melhor. As carater\u00edsticas CLIMA CORK SYSTEM e RSA est\u00e3o presentes em alguns modelos e \u00e9 o que torna a Lavoro \u00fanica e inovativa.<\/p>\n<p>Escolher a Lavoro \u00e9 preferir uma marca de cal\u00e7ado de seguran\u00e7a com carater\u00edsticas inovativas que permitem o maior conforto.<\/p>\n","protected":false},"excerpt":{"rendered":"<p><strong>CAL\u00c7ADO DE SEGURAN\u00c7A LAVORO <\/strong><\/p>\n<p>O cal\u00e7ado de seguran\u00e7a E02 foi desenhado a pensar nos profissionais da ind\u00fastria pesada, constru\u00e7\u00e3o e energia. Este modelo oferece aos profissionais uma alta prote\u00e7\u00e3o e conforto nos ambientes mais complexos e \u00e9 ideal para o uso di\u00e1rio. Com uma sola resistente at\u00e9 300\u00baC e n\u00edtrica, para a m\u00e1xima ader\u00eancia, garante seguran\u00e7a em contextos em que predominam as for\u00e7as de atrito. Vers\u00e3o bota dispon\u00edvel.<\/p>\n<p>&nbsp;<\/p>\n<p>EN ISO 20345:2011 CE S3 HRO SRC<\/p>\n<p>&nbsp;<\/p>\n<p>Encontra-se dispon\u00edvel nos tamanhos 35 a 48.<\/p>\n","protected":false},"featured_media":4375,"comment_status":"open","ping_status":"closed","template":"","meta":{"_mi_skip_tracking":false},"product_cat":[211,194,104,105,186,207],"product_tag":[159,160,163,161],"class_list":{"0":"post-1989","1":"product","2":"type-product","3":"status-publish","4":"has-post-thumbnail","6":"product_cat-setores-de-atividade-construcao-e-energia","7":"product_cat-setores-de-atividade-industria-pesada-e-atividades-especializadas","8":"product_cat-calcado-de-seguranca","9":"product_cat-sapatos","10":"product_cat-mulher","11":"product_cat-lavoro-automa","12":"product_tag-calcado-de-seguranca","13":"product_tag-calcado-profissional","14":"product_tag-lavoro","15":"product_tag-sapatos","17":"first","18":"instock","19":"sale","20":"sold-individually","21":"taxable","22":"shipping-taxable","23":"purchasable","24":"product-type-variable","25":"has-default-attributes"},"_links":{"self":[{"href":"https:\/\/automa.pt\/loja\/wp-json\/wp\/v2\/product\/1989","targetHints":{"allow":["GET"]}}],"collection":[{"href":"https:\/\/automa.pt\/loja\/wp-json\/wp\/v2\/product"}],"about":[{"href":"https:\/\/automa.pt\/loja\/wp-json\/wp\/v2\/types\/product"}],"replies":[{"embeddable":true,"href":"https:\/\/automa.pt\/loja\/wp-json\/wp\/v2\/comments?post=1989"}],"wp:featuredmedia":[{"embeddable":true,"href":"https:\/\/automa.pt\/loja\/wp-json\/wp\/v2\/media\/4375"}],"wp:attachment":[{"href":"https:\/\/automa.pt\/loja\/wp-json\/wp\/v2\/media?parent=1989"}],"wp:term":[{"taxonomy":"product_cat","embeddable":true,"href":"https:\/\/automa.pt\/loja\/wp-json\/wp\/v2\/product_cat?post=1989"},{"taxonomy":"product_tag","embeddable":true,"href":"https:\/\/automa.pt\/loja\/wp-json\/wp\/v2\/product_tag?post=1989"}],"curies":[{"name":"wp","href":"https:\/\/api.w.org\/{rel}","templated":true}]}}