{"id":73,"date":"2016-06-14T06:15:58","date_gmt":"2016-06-14T06:15:58","guid":{"rendered":"http:\/\/sw-themes.com\/porto_dummy\/?page_id=73"},"modified":"2023-11-09T10:57:08","modified_gmt":"2023-11-09T10:57:08","slug":"contactos","status":"publish","type":"page","link":"https:\/\/automa.pt\/industrial\/contactos\/","title":{"rendered":"Contactos"},"content":{"rendered":"<p>[vc_row full_width=&#8221;stretch_row_content_no_spaces&#8221;][vc_column][vc_gmaps link=&#8221;#E-8_JTNDaWZyYW1lJTIwc3JjJTNEJTIyaHR0cHMlM0ElMkYlMkZ3d3cuZ29vZ2xlLmNvbSUyRm1hcHMlMkZlbWJlZCUzRnBiJTNEJTIxMW0xOCUyMTFtMTIlMjExbTMlMjExZDMwMDMuNDM2NjE3NjUwNTgyJTIxMmQtOC42NTE4MDkyODUwMDQ4MjclMjEzZDQxLjE2ODY0MzE3OTI4NDgxJTIxMm0zJTIxMWYwJTIxMmYwJTIxM2YwJTIxM20yJTIxMWkxMDI0JTIxMmk3NjglMjE0ZjEzLjElMjEzbTMlMjExbTIlMjExczB4ZDI0NjU4ZmNkNDMxMDY1JTI1M0EweDljMjhiNTBmZjc0ZTg3ZTQlMjEyc0F1dG9tYSUyMTVlMCUyMTNtMiUyMTFzcHQtUFQlMjEyc3B0JTIxNHYxNTUwMTg1NzA1MjAxJTIyJTIwd2lkdGglM0QlMjIxMDAlMjUlMjIlMjBoZWlnaHQlM0QlMjIzMDAlMjIlMjBmcmFtZWJvcmRlciUzRCUyMjAlMjIlMjBzdHlsZSUzRCUyMmJvcmRlciUzQTAlMjIlMjBhbGxvd2Z1bGxzY3JlZW4lM0UlM0MlMkZpZnJhbWUlM0U=&#8221;][\/vc_column][\/vc_row][vc_row wrap_container=&#8221;yes&#8221; el_class=&#8221;m-b-xl&#8221;][vc_column width=&#8221;1\/2&#8243;][vc_custom_heading text=&#8221;Envie-nos um<strong> Email<\/strong>&#8221; use_theme_fonts=&#8221;yes&#8221; skin=&#8221;primary&#8221; el_class=&#8221;m-t&#8221;][vc_column_text]<strong>Pe\u00e7a-nos mais informa\u00e7\u00f5es! <\/strong><br \/>\nD\u00favidas ou quest\u00f5es sobre os nossos servi\u00e7os ou produtos? Envie-nos um email. Queremos ajudar![\/vc_column_text]<div role=\"form\" class=\"wpcf7\" id=\"wpcf7-f74-o1\" lang=\"en-US\" dir=\"ltr\">\n<div class=\"screen-reader-response\"><p role=\"status\" aria-live=\"polite\" aria-atomic=\"true\"><\/p> <ul><\/ul><\/div>\n<form action=\"\/industrial\/wp-json\/wp\/v2\/pages\/73#wpcf7-f74-o1\" method=\"post\" class=\"wpcf7-form init wpcf7-acceptance-as-validation\" novalidate=\"novalidate\" data-status=\"init\">\n<div style=\"display: none;\">\n<input type=\"hidden\" name=\"_wpcf7\" value=\"74\" \/>\n<input type=\"hidden\" name=\"_wpcf7_version\" value=\"5.6.4\" \/>\n<input type=\"hidden\" name=\"_wpcf7_locale\" value=\"en_US\" \/>\n<input type=\"hidden\" name=\"_wpcf7_unit_tag\" value=\"wpcf7-f74-o1\" \/>\n<input type=\"hidden\" name=\"_wpcf7_container_post\" value=\"0\" \/>\n<input type=\"hidden\" name=\"_wpcf7_posted_data_hash\" value=\"\" \/>\n<input type=\"hidden\" name=\"_wpcf7_recaptcha_response\" value=\"\" \/>\n<\/div>\n<div class=\"row\">\n<div class=\"col-md-6\">\n<div class=\"form-group\">\n<p>            <span class=\"wpcf7-form-control-wrap\" data-name=\"your-name\"><input type=\"text\" name=\"your-name\" value=\"\" size=\"40\" class=\"wpcf7-form-control wpcf7-text wpcf7-validates-as-required form-control\" id=\"contact-name\" aria-required=\"true\" aria-invalid=\"false\" placeholder=\"Nome*\" \/><\/span>\n        <\/p><\/div>\n<\/div>\n<div class=\"col-md-6\">\n<div class=\"form-group\">\n<p>            <span class=\"wpcf7-form-control-wrap\" data-name=\"your-email\"><input type=\"email\" name=\"your-email\" value=\"\" size=\"40\" class=\"wpcf7-form-control wpcf7-text wpcf7-email wpcf7-validates-as-required wpcf7-validates-as-email form-control\" id=\"contact-email\" aria-required=\"true\" aria-invalid=\"false\" placeholder=\"Email*\" \/><\/span>\n        <\/p><\/div>\n<\/div>\n<div class=\"col-md-6\">\n<div class=\"form-group\">\n<p>          <span class=\"wpcf7-form-control-wrap\" data-name=\"tel-538\"><input type=\"tel\" name=\"tel-538\" value=\"\" size=\"40\" class=\"wpcf7-form-control wpcf7-text wpcf7-tel wpcf7-validates-as-tel form-control\" aria-invalid=\"false\" placeholder=\"Telefone\" \/><\/span>\n        <\/p><\/div>\n<\/div>\n<div class=\"col-md-6\">\n<div class=\"form-group\">\n<p>            <span class=\"wpcf7-form-control-wrap\" data-name=\"your-subject\"><input type=\"text\" name=\"your-subject\" value=\"\" size=\"40\" class=\"wpcf7-form-control wpcf7-text wpcf7-validates-as-required form-control\" id=\"contact-subject\" aria-required=\"true\" aria-invalid=\"false\" placeholder=\"Assunto*\" \/><\/span>\n        <\/p><\/div>\n<\/div>\n<div class=\"col-md-12\">\n<div class=\"form-group\">\n<p>            <span class=\"wpcf7-form-control-wrap\" data-name=\"your-message\"><textarea name=\"your-message\" cols=\"40\" rows=\"4\" class=\"wpcf7-form-control wpcf7-textarea wpcf7-validates-as-required form-control\" id=\"contact-message\" aria-required=\"true\" aria-invalid=\"false\" placeholder=\"Mensagem*\"><\/textarea><\/span>\n        <\/p><\/div>\n<\/div>\n<div class=\"col-md-12\">\n<div class=\"form-group\" style=\"color:#777\">\n<span class=\"wpcf7-form-control-wrap\" data-name=\"acceptance-10\"><span class=\"wpcf7-form-control wpcf7-acceptance\"><span class=\"wpcf7-list-item\"><input type=\"checkbox\" name=\"acceptance-10\" value=\"1\" aria-invalid=\"false\" \/><\/span><\/span><\/span> Concordo com a <a href=\"https:\/\/automa.pt\/industrial\/politica-de-privacidade\/\" target=\"_blank\">Pol\u00edtica de Privacidade<\/a> *\n    <\/div>\n<\/div>\n<div class=\"col-md-12\">\n<div class=\"form-group\">\n            <input type=\"submit\" value=\"Enviar\" class=\"wpcf7-form-control has-spinner wpcf7-submit btn btn-primary btn-lg\" \/>\n        <\/div>\n<\/div>\n<\/div>\n<div class=\"wpcf7-response-output\" aria-hidden=\"true\"><\/div><\/form><\/div>[\/vc_column][vc_column width=&#8221;1\/2&#8243;][vc_custom_heading text=&#8221;<strong>Contacte-nos<\/strong>&#8221; use_theme_fonts=&#8221;yes&#8221; skin=&#8221;primary&#8221; el_class=&#8221;m-t&#8221;][vc_column_text]<strong>Precisa de ajuda? <\/strong><br \/>\nD\u00favidas sobre os nossos servi\u00e7os, solu\u00e7\u00f5es ou produtos? Precisa de orienta\u00e7\u00e3o na compra online. Contacte-nos das 8h30 \u00e0s 18h00 de segunda a sexta. Queremos ajudar![\/vc_column_text]<div class=\"porto-sicon-wrapper style_1\"><div class=\"porto-sicon-box default-icon\" style=\"\"  ><div class=\"porto-sicon-default\"><div id=\"porto-icon-18111324186a07c7e1bfa58\" class=\"porto-just-icon-wrapper  \"><div class=\"align-icon\" style=\"text-align:center;\">\n<div class=\"porto-icon circle \"  style=\"color:#ffffff;background:#f99d32;font-size:14px;display:inline-block;\">\n\t<i class=\"fa fa-map-marker\"><\/i>\n<\/div><\/div><\/div><\/div><div class=\"porto-sicon-header\" ><h3 class=\"porto-sicon-title\" style=\"font-size:14px;color:#777777;\"><strong>Morada:<\/strong> Av. Vasco da Gama 652, 4100-491 Porto<\/h3><\/div> <!-- header --><\/div> <!-- porto-sicon-box --><\/div><div class=\"porto-sicon-wrapper m-t-n style_1\"><a class=\"porto-sicon-box-link\" href=\"tel:226174239\"   ><div class=\"porto-sicon-box default-icon\" style=\"\"  ><div class=\"porto-sicon-default\"><div id=\"porto-icon-1147062886a07c7e1bfc49\" class=\"porto-just-icon-wrapper  \"><div class=\"align-icon\" style=\"text-align:center;\">\n<div class=\"porto-icon circle \"  style=\"color:#ffffff;background:#f99d32;font-size:14px;display:inline-block;\">\n\t<i class=\"fa fa-phone\"><\/i>\n<\/div><\/div><\/div><\/div><div class=\"porto-sicon-header\" ><h3 class=\"porto-sicon-title\" style=\"font-size:14px;color:#777777;\"><strong>Telefone:<\/strong> 226 174 239 <small>Chamada para rede fixa nacional<\/small><\/h3><\/div> <!-- header --><\/div> <!-- porto-sicon-box --><\/a><\/div><div class=\"porto-sicon-wrapper m-t-n style_1\"><a class=\"porto-sicon-box-link\" href=\"mailto:automa@automa.pt\" target='_blank'  ><div class=\"porto-sicon-box default-icon\" style=\"\"  ><div class=\"porto-sicon-default\"><div id=\"porto-icon-21351324226a07c7e1bfe2e\" class=\"porto-just-icon-wrapper  \"><div class=\"align-icon\" style=\"text-align:center;\">\n<div class=\"porto-icon circle \"  style=\"color:#ffffff;background:#f99d32;font-size:14px;display:inline-block;\">\n\t<i class=\"fa fa-envelope\"><\/i>\n<\/div><\/div><\/div><\/div><div class=\"porto-sicon-header\" ><h3 class=\"porto-sicon-title\" style=\"font-size:14px;color:#777777;\"><strong>Email:<\/strong> automa@automa.pt<\/h3><\/div> <!-- header --><\/div> <!-- porto-sicon-box --><\/a><\/div><div class=\"porto-sicon-wrapper m-t-n style_1\"><a class=\"porto-sicon-box-link\" href=\"https:\/\/www.facebook.com\/automa.pt\/\" target='_blank'  ><div class=\"porto-sicon-box default-icon\" style=\"\"  ><div class=\"porto-sicon-default\"><div id=\"porto-icon-11759485966a07c7e1c0010\" class=\"porto-just-icon-wrapper  \"><div class=\"align-icon\" style=\"text-align:center;\">\n<div class=\"porto-icon circle \"  style=\"color:#ffffff;background:#f99d32;font-size:14px;display:inline-block;\">\n\t<i class=\"fa fa-facebook\"><\/i>\n<\/div><\/div><\/div><\/div><div class=\"porto-sicon-header\" ><h3 class=\"porto-sicon-title\" style=\"font-size:14px;color:#777777;\"><strong>Facebook<\/strong> <\/h3><\/div> <!-- header --><\/div> <!-- porto-sicon-box --><\/a><\/div><div class=\"porto-sicon-wrapper m-t-n style_1\"><a class=\"porto-sicon-box-link\" href=\"https:\/\/www.linkedin.com\/company\/automa-sociedade-de-engenharia-industrial-lda\/about\/\" target='_blank'  ><div class=\"porto-sicon-box default-icon\" style=\"\"  ><div class=\"porto-sicon-default\"><div id=\"porto-icon-16777944666a07c7e1c01f6\" class=\"porto-just-icon-wrapper  \"><div class=\"align-icon\" style=\"text-align:center;\">\n<div class=\"porto-icon circle \"  style=\"color:#ffffff;background:#f99d32;font-size:14px;display:inline-block;\">\n\t<i class=\"fa fa-linkedin\"><\/i>\n<\/div><\/div><\/div><\/div><div class=\"porto-sicon-header\" ><h3 class=\"porto-sicon-title\" style=\"font-size:14px;color:#777777;\"><strong>Linkedin<\/strong><\/h3><\/div> <!-- header --><\/div> <!-- porto-sicon-box --><\/a><\/div>[vc_separator color=&#8221;custom&#8221; gradient=&#8221;yes&#8221;][vc_custom_heading text=&#8221;Hor\u00e1rios&#8221; font_container=&#8221;tag:h4|text_align:left&#8221; use_theme_fonts=&#8221;yes&#8221; skin=&#8221;primary&#8221;]<div class=\"porto-sicon-wrapper style_1\"><div class=\"porto-sicon-box default-icon\" style=\"\"  ><div class=\"porto-sicon-default\"><div id=\"porto-icon-10304867236a07c7e1c040a\" class=\"porto-just-icon-wrapper  \"><div class=\"align-icon\" style=\"text-align:center;\">\n<div class=\"porto-icon none \"  style=\"color:#4b9157;font-size:14px;display:inline-block;\">\n\t<i class=\"fa fa-clock-o\"><\/i>\n<\/div><\/div><\/div><\/div><div class=\"porto-sicon-header\" ><h3 class=\"porto-sicon-title\" style=\"font-size:14px;color:#777777;\">Segunda a Sexta-feira - 8h30 \u00e0s 12h30 | 14h \u00e0s 18h<\/h3><\/div> <!-- header --><\/div> <!-- porto-sicon-box --><\/div><div class=\"porto-sicon-wrapper m-t-n style_1\"><div class=\"porto-sicon-box default-icon\" style=\"\"  ><div class=\"porto-sicon-default\"><div id=\"porto-icon-12281664266a07c7e1c05ea\" class=\"porto-just-icon-wrapper  \"><div class=\"align-icon\" style=\"text-align:center;\">\n<div class=\"porto-icon none \"  style=\"color:#4b9157;font-size:14px;display:inline-block;\">\n\t<i class=\"fa fa-clock-o\"><\/i>\n<\/div><\/div><\/div><\/div><div class=\"porto-sicon-header\" ><h3 class=\"porto-sicon-title\" style=\"font-size:14px;color:#777777;\">S\u00e1bado e Domingo - Encerrado<\/h3><\/div> <!-- header --><\/div> <!-- porto-sicon-box --><\/div>[\/vc_column][\/vc_row]<\/p>\n","protected":false},"excerpt":{"rendered":"<p>[vc_row full_width=&#8221;stretch_row_content_no_spaces&#8221;][vc_column][vc_gmaps link=&#8221;#E-8_JTNDaWZyYW1lJTIwc3JjJTNEJTIyaHR0cHMlM0ElMkYlMkZ3d3cuZ29vZ2xlLmNvbSUyRm1hcHMlMkZlbWJlZCUzRnBiJTNEJTIxMW0xOCUyMTFtMTIlMjExbTMlMjExZDMwMDMuNDM2NjE3NjUwNTgyJTIxMmQtOC42NTE4MDkyODUwMDQ4MjclMjEzZDQxLjE2ODY0MzE3OTI4NDgxJTIxMm0zJTIxMWYwJTIxMmYwJTIxM2YwJTIxM20yJTIxMWkxMDI0JTIxMmk3NjglMjE0ZjEzLjElMjEzbTMlMjExbTIlMjExczB4ZDI0NjU4ZmNkNDMxMDY1JTI1M0EweDljMjhiNTBmZjc0ZTg3ZTQlMjEyc0F1dG9tYSUyMTVlMCUyMTNtMiUyMTFzcHQtUFQlMjEyc3B0JTIxNHYxNTUwMTg1NzA1MjAxJTIyJTIwd2lkdGglM0QlMjIxMDAlMjUlMjIlMjBoZWlnaHQlM0QlMjIzMDAlMjIlMjBmcmFtZWJvcmRlciUzRCUyMjAlMjIlMjBzdHlsZSUzRCUyMmJvcmRlciUzQTAlMjIlMjBhbGxvd2Z1bGxzY3JlZW4lM0UlM0MlMkZpZnJhbWUlM0U=&#8221;][\/vc_column][\/vc_row][vc_row wrap_container=&#8221;yes&#8221; el_class=&#8221;m-b-xl&#8221;][vc_column width=&#8221;1\/2&#8243;][vc_custom_heading text=&#8221;Envie-nos um Email&#8221; use_theme_fonts=&#8221;yes&#8221; skin=&#8221;primary&#8221; el_class=&#8221;m-t&#8221;][vc_column_text]Pe\u00e7a-nos mais informa\u00e7\u00f5es! D\u00favidas ou quest\u00f5es sobre os nossos servi\u00e7os ou produtos? Envie-nos um email. Queremos ajudar![\/vc_column_text][\/vc_column][vc_column width=&#8221;1\/2&#8243;][vc_custom_heading text=&#8221;Contacte-nos&#8221; use_theme_fonts=&#8221;yes&#8221; skin=&#8221;primary&#8221; el_class=&#8221;m-t&#8221;][vc_column_text]Precisa de ajuda? D\u00favidas sobre os nossos servi\u00e7os, solu\u00e7\u00f5es ou produtos? Precisa de orienta\u00e7\u00e3o na compra online. Contacte-nos das 8h30 \u00e0s 18h00 de [&hellip;]<\/p>\n","protected":false},"author":1,"featured_media":0,"parent":0,"menu_order":0,"comment_status":"closed","ping_status":"closed","template":"","meta":{"two_page_speed":[]},"yst_prominent_words":[],"_links":{"self":[{"href":"https:\/\/automa.pt\/industrial\/wp-json\/wp\/v2\/pages\/73"}],"collection":[{"href":"https:\/\/automa.pt\/industrial\/wp-json\/wp\/v2\/pages"}],"about":[{"href":"https:\/\/automa.pt\/industrial\/wp-json\/wp\/v2\/types\/page"}],"author":[{"embeddable":true,"href":"https:\/\/automa.pt\/industrial\/wp-json\/wp\/v2\/users\/1"}],"replies":[{"embeddable":true,"href":"https:\/\/automa.pt\/industrial\/wp-json\/wp\/v2\/comments?post=73"}],"version-history":[{"count":59,"href":"https:\/\/automa.pt\/industrial\/wp-json\/wp\/v2\/pages\/73\/revisions"}],"predecessor-version":[{"id":3742,"href":"https:\/\/automa.pt\/industrial\/wp-json\/wp\/v2\/pages\/73\/revisions\/3742"}],"wp:attachment":[{"href":"https:\/\/automa.pt\/industrial\/wp-json\/wp\/v2\/media?parent=73"}],"wp:term":[{"taxonomy":"yst_prominent_words","embeddable":true,"href":"https:\/\/automa.pt\/industrial\/wp-json\/wp\/v2\/yst_prominent_words?post=73"}],"curies":[{"name":"wp","href":"https:\/\/api.w.org\/{rel}","templated":true}]}}