{"id":70,"date":"2016-06-14T05:29:12","date_gmt":"2016-06-14T05:29:12","guid":{"rendered":"http:\/\/sw-themes.com\/porto_dummy\/?page_id=70"},"modified":"2022-05-16T14:41:23","modified_gmt":"2022-05-16T14:41:23","slug":"servicos","status":"publish","type":"page","link":"https:\/\/automa.pt\/industrial\/servicos\/","title":{"rendered":"Servi\u00e7os Automa  &#8211; Engenharia Industrial"},"content":{"rendered":"<p>[vc_row full_width=&#8221;stretch_row&#8221; css=&#8221;.vc_custom_1555406320881{margin-top: -20px !important;margin-bottom: 0px !important;padding-top: 80px !important;padding-bottom: 70px !important;background-image: url(https:\/\/automa.pt\/wp-content\/uploads\/2019\/02\/automa6.jpg?id=1719) !important;background-position: center !important;background-repeat: no-repeat !important;background-size: cover !important;}&#8221;][vc_column]<div class=\"porto-container container \">[vc_column_text css=&#8221;.vc_custom_1640188813274{margin-bottom: 5px !important;}&#8221;]<span style=\"color: #ffffff;\"><span style=\"font-size: 18px;\">Desde 1981<\/span><\/span>[\/vc_column_text][vc_custom_heading text=&#8221;<strong>ENGENHARIA INDUSTRIAL<\/strong>&#8221; font_container=&#8221;tag:h2|font_size:36|text_align:left|color:%23ffffff|line_height:38px&#8221; use_theme_fonts=&#8221;yes&#8221; text_transform=&#8221;text-uppercase&#8221;][vc_separator color=&#8221;custom&#8221; align=&#8221;align_left&#8221; border_width=&#8221;3&#8243; type=&#8221;small&#8221; gap=&#8221;short&#8221; accent_color=&#8221;#ffffff&#8221;]<\/div>[\/vc_column][\/vc_row][vc_row][vc_column][vc_empty_space]<div class=\"porto-testimonial wpb_content_element \"><div class=\"testimonial testimonial-with-quotes\"><blockquote class=\"testimonial-carousel \"><p>Os processos de automa\u00e7\u00e3o industrial requerem profissionais capazes de uma aprendizagem cont\u00ednua e multidisciplinar, desde as t\u00e9cnicas de programa\u00e7\u00e3o, monitoriza\u00e7\u00e3o e conetividade, com passagem pela tecnologia e equipamentos (aut\u00f3matos, motores, variadores, sistemas pneum\u00e1ticos, hidr\u00e1ulicos, atuadores, rob\u00f4s) e que s\u00e3o chamados a programar, sincronizar e controlar de forma integrada. Da\u00ed a relev\u00e2ncia da consultoria e da forma\u00e7\u00e3o regulares.<\/p><\/blockquote><div class=\"testimonial-author\"><p><strong>Alvarim Leite<\/strong><span>Licenciado em Engenharia pela FEUP - Gerente da Automa<\/span><\/p><\/div><\/div><\/div>[vc_empty_space][vc_separator][\/vc_column][\/vc_row][vc_row full_width=&#8221;stretch_row_content&#8221; equal_height=&#8221;yes&#8221; content_placement=&#8221;middle&#8221; wrap_container=&#8221;yes&#8221; css=&#8221;.vc_custom_1640188853201{padding-top: 50px !important;padding-bottom: 30px !important;}&#8221;][vc_column][vc_row_inner content_placement=&#8221;middle&#8221;][vc_column_inner width=&#8221;2\/3&#8243;][vc_custom_heading text=&#8221;<strong>SERVI\u00c7OS<\/strong>&#8221; use_theme_fonts=&#8221;yes&#8221;][vc_column_text]<span style=\"color: #333333; font-size: 18px;\"><strong>Criatividade \u00e9 a nossa linguagem<\/strong><\/span><\/p>\n<p>Especializada, quer em Engenharia Industrial, quer em Engenharia Humana, em particular em solu\u00e7\u00f5es para prote\u00e7\u00e3o individual, a AUTOMA faz do conhecimento acumulado, em mais de quatro d\u00e9cadas de atividade, a sua mais-valia no apoio \u00e0s ind\u00fastrias de diversos setores. Com uma estrat\u00e9gia focada na inova\u00e7\u00e3o, \u00e9 reconhecida pela qualidade dos servi\u00e7os e produtos que disponibiliza, assim como pelo seu portef\u00f3lio de marcas internacionais de refer\u00eancia.[\/vc_column_text][\/vc_column_inner][vc_column_inner width=&#8221;1\/3&#8243;][vc_single_image image=&#8221;3649&#8243; img_size=&#8221;full&#8221; alignment=&#8221;center&#8221;][\/vc_column_inner][\/vc_row_inner][vc_row_inner content_placement=&#8221;middle&#8221;][vc_column_inner width=&#8221;1\/3&#8243; offset=&#8221;vc_hidden-sm vc_hidden-xs&#8221;][vc_single_image image=&#8221;2670&#8243; img_size=&#8221;full&#8221; alignment=&#8221;center&#8221;][\/vc_column_inner][vc_column_inner width=&#8221;2\/3&#8243;][vc_column_text]<span style=\"color: #333333; font-size: 18px;\"><strong>A sua efici\u00eancia \u00e9 a nossa miss\u00e3o<\/strong><\/span><\/p>\n<p>Para al\u00e9m de uma vasta experi\u00eancia na engenharia de conce\u00e7\u00e3o e aplica\u00e7\u00e3o de diversas tecnologias industriais aos dom\u00ednios da \u00f3leo-hidr\u00e1ulica, da eletricidade, da pneum\u00e1tica, das transmiss\u00f5es mec\u00e2nicas, com aplica\u00e7\u00f5es em diferentes solu\u00e7\u00f5es e ind\u00fastrias, comercializamos ainda equipamentos e acess\u00f3rios de v\u00e1rias marcas internacionais.<\/p>\n<p>Os nossos servi\u00e7os &#8211; nos dom\u00ednios das solu\u00e7\u00f5es de automa\u00e7\u00e3o, rob\u00f3tica\/digitaliza\u00e7\u00e3o no contexto da ind\u00fastria 4.0, sistemas de energia e forma\u00e7\u00e3o &#8211; visam a racionaliza\u00e7\u00e3o da utiliza\u00e7\u00e3o dos recursos das empresas (pessoas, m\u00e1quinas, sistemas de transporte, recursos inform\u00e1ticos, recursos financeiros, ferramentas, espa\u00e7o, etc.), como meio para melhorar o seu desempenho global. Engenhamos solu\u00e7\u00f5es integradas de automa\u00e7\u00e3o.[\/vc_column_text][\/vc_column_inner][\/vc_row_inner][\/vc_column][\/vc_row]<\/p>\n","protected":false},"excerpt":{"rendered":"<p>[vc_row full_width=&#8221;stretch_row&#8221; css=&#8221;.vc_custom_1555406320881{margin-top: -20px !important;margin-bottom: 0px !important;padding-top: 80px !important;padding-bottom: 70px !important;background-image: url(https:\/\/automa.pt\/wp-content\/uploads\/2019\/02\/automa6.jpg?id=1719) !important;background-position: center !important;background-repeat: no-repeat !important;background-size: cover !important;}&#8221;][vc_column][\/vc_column][\/vc_row][vc_row][vc_column][vc_empty_space][vc_empty_space][vc_separator][\/vc_column][\/vc_row][vc_row full_width=&#8221;stretch_row_content&#8221; equal_height=&#8221;yes&#8221; content_placement=&#8221;middle&#8221; wrap_container=&#8221;yes&#8221; css=&#8221;.vc_custom_1640188853201{padding-top: 50px !important;padding-bottom: 30px !important;}&#8221;][vc_column][vc_row_inner content_placement=&#8221;middle&#8221;][vc_column_inner width=&#8221;2\/3&#8243;][vc_custom_heading text=&#8221;SERVI\u00c7OS&#8221; use_theme_fonts=&#8221;yes&#8221;][vc_column_text]Criatividade \u00e9 a nossa linguagem Especializada, quer em Engenharia Industrial, quer em Engenharia Humana, em particular em solu\u00e7\u00f5es para prote\u00e7\u00e3o individual, a AUTOMA faz [&hellip;]<\/p>\n","protected":false},"author":1,"featured_media":0,"parent":0,"menu_order":0,"comment_status":"closed","ping_status":"closed","template":"","meta":{"two_page_speed":[]},"yst_prominent_words":[],"_links":{"self":[{"href":"https:\/\/automa.pt\/industrial\/wp-json\/wp\/v2\/pages\/70"}],"collection":[{"href":"https:\/\/automa.pt\/industrial\/wp-json\/wp\/v2\/pages"}],"about":[{"href":"https:\/\/automa.pt\/industrial\/wp-json\/wp\/v2\/types\/page"}],"author":[{"embeddable":true,"href":"https:\/\/automa.pt\/industrial\/wp-json\/wp\/v2\/users\/1"}],"replies":[{"embeddable":true,"href":"https:\/\/automa.pt\/industrial\/wp-json\/wp\/v2\/comments?post=70"}],"version-history":[{"count":85,"href":"https:\/\/automa.pt\/industrial\/wp-json\/wp\/v2\/pages\/70\/revisions"}],"predecessor-version":[{"id":3718,"href":"https:\/\/automa.pt\/industrial\/wp-json\/wp\/v2\/pages\/70\/revisions\/3718"}],"wp:attachment":[{"href":"https:\/\/automa.pt\/industrial\/wp-json\/wp\/v2\/media?parent=70"}],"wp:term":[{"taxonomy":"yst_prominent_words","embeddable":true,"href":"https:\/\/automa.pt\/industrial\/wp-json\/wp\/v2\/yst_prominent_words?post=70"}],"curies":[{"name":"wp","href":"https:\/\/api.w.org\/{rel}","templated":true}]}}