{"id":3552,"date":"2021-12-20T14:24:55","date_gmt":"2021-12-20T14:24:55","guid":{"rendered":"https:\/\/automa.pt\/industrial\/?page_id=3552"},"modified":"2022-05-16T14:42:32","modified_gmt":"2022-05-16T14:42:32","slug":"solucoes","status":"publish","type":"page","link":"https:\/\/automa.pt\/industrial\/solucoes\/","title":{"rendered":"Solu\u00e7\u00f5es Automa  &#8211; Engenharia Industrial"},"content":{"rendered":"<p>[vc_row full_width=&#8221;stretch_row&#8221; css=&#8221;.vc_custom_1640196051435{margin-top: -20px !important;margin-bottom: 0px !important;padding-top: 80px !important;padding-bottom: 70px !important;background-image: url(https:\/\/automa.pt\/industrial\/wp-content\/uploads\/2021\/12\/automa67.jpg?id=3657) !important;background-position: center !important;background-repeat: no-repeat !important;background-size: cover !important;}&#8221;][vc_column]<div class=\"porto-container container \">[vc_column_text css=&#8221;.vc_custom_1640190322233{margin-bottom: 5px !important;}&#8221;]<span style=\"color: #ffffff;\"><span style=\"font-size: 18px;\">Desde 1981<\/span><\/span>[\/vc_column_text][vc_custom_heading text=&#8221;<strong>ENGENHARIA INDUSTRIAL<\/strong>&#8221; font_container=&#8221;tag:h2|font_size:36|text_align:left|color:%23ffffff|line_height:38px&#8221; use_theme_fonts=&#8221;yes&#8221; text_transform=&#8221;text-uppercase&#8221;][vc_separator color=&#8221;custom&#8221; align=&#8221;align_left&#8221; border_width=&#8221;3&#8243; type=&#8221;small&#8221; gap=&#8221;short&#8221; accent_color=&#8221;#ffffff&#8221;]<\/div>[\/vc_column][\/vc_row][vc_row full_width=&#8221;stretch_row_content&#8221; equal_height=&#8221;yes&#8221; content_placement=&#8221;middle&#8221; wrap_container=&#8221;yes&#8221; css=&#8221;.vc_custom_1550495407690{padding-top: 70px !important;padding-bottom: 50px !important;}&#8221; el_id=&#8221;solucoes&#8221;][vc_column][vc_row_inner equal_height=&#8221;yes&#8221; content_placement=&#8221;middle&#8221;][vc_column_inner width=&#8221;2\/3&#8243;][vc_custom_heading text=&#8221;<strong>SOLU\u00c7\u00d5ES<\/strong>&#8221; use_theme_fonts=&#8221;yes&#8221;][vc_column_text]<span style=\"font-size: 18px; color: #333;\"><strong>Resposta de excel\u00eancia<\/strong><\/span><\/p>\n<p>Disponibilizamos uma vasta gama de componentes e sistemas (hidr\u00e1ulicos, el\u00e9tricos e servo-sistemas de posi\u00e7\u00e3o, de velocidade e de for\u00e7a), assim como um servi\u00e7o de manuten\u00e7\u00e3o \u00f3leo-hidr\u00e1ulica, com aplica\u00e7\u00f5es em diferentes solu\u00e7\u00f5es e ind\u00fastrias.[\/vc_column_text][vc_column_text]<i class=\"fa fa-check-circle\" style=\"color: #4b9157;\"><\/i> <strong>Componentes \u00d3leo-hidr\u00e1ulicos:<\/strong><\/p>\n<ul>\n<li>vedantes para cilindro<\/li>\n<li>bombas e motores de pist\u00f5es (radiais e axiais)<\/li>\n<li>bombas e motores de carretos<\/li>\n<li>v\u00e1lvulas (direcionais, proporcionais, de press\u00e3o, de fecho)<\/li>\n<li>cilindros hidr\u00e1ulicos<\/li>\n<li>componentes para fabrica\u00e7\u00e3o de cilindros hidr\u00e1ulicos<\/li>\n<li>unidades energ\u00e9ticas (minicentrais e centrais hidr\u00e1ulicas especiais)<\/li>\n<li>tubos e acess\u00f3rios<\/li>\n<li>uni\u00f5es de veios, filtros, indicadores de n\u00edvel, permutadores de calor, restritores, passadores e acumuladores<\/li>\n<\/ul>\n<p>[\/vc_column_text][vc_column_text]<i class=\"fa fa-check-circle\" style=\"color: #4b9157;\"><\/i> <strong>Componentes El\u00e9tricos<\/strong><\/p>\n<ul>\n<li>variadores de velocidade<\/li>\n<li>material el\u00e9trico para naves (avi\u00f5es, cami\u00f5es, barcos e carros el\u00e9tricos)<\/li>\n<li>material el\u00e9trico para ind\u00fastria e habita\u00e7\u00e3o<\/li>\n<\/ul>\n<p>[\/vc_column_text][vc_column_text]<i class=\"fa fa-check-circle\" style=\"color: #4b9157;\"><\/i> <strong>Componentes pneum\u00e1ticos<\/strong>[\/vc_column_text][\/vc_column_inner][vc_column_inner width=&#8221;1\/3&#8243;][vc_single_image image=&#8221;2669&#8243; img_size=&#8221;full&#8221; alignment=&#8221;center&#8221;][vc_empty_space][vc_single_image image=&#8221;2671&#8243; img_size=&#8221;full&#8221; alignment=&#8221;center&#8221; el_class=&#8221;pormenor&#8221;][\/vc_column_inner][\/vc_row_inner][\/vc_column][\/vc_row]<\/p>\n","protected":false},"excerpt":{"rendered":"<p>[vc_row full_width=&#8221;stretch_row&#8221; css=&#8221;.vc_custom_1640196051435{margin-top: -20px !important;margin-bottom: 0px !important;padding-top: 80px !important;padding-bottom: 70px !important;background-image: url(https:\/\/automa.pt\/industrial\/wp-content\/uploads\/2021\/12\/automa67.jpg?id=3657) !important;background-position: center !important;background-repeat: no-repeat !important;background-size: cover !important;}&#8221;][vc_column][\/vc_column][\/vc_row][vc_row full_width=&#8221;stretch_row_content&#8221; equal_height=&#8221;yes&#8221; content_placement=&#8221;middle&#8221; wrap_container=&#8221;yes&#8221; css=&#8221;.vc_custom_1550495407690{padding-top: 70px !important;padding-bottom: 50px !important;}&#8221; el_id=&#8221;solucoes&#8221;][vc_column][vc_row_inner equal_height=&#8221;yes&#8221; content_placement=&#8221;middle&#8221;][vc_column_inner width=&#8221;2\/3&#8243;][vc_custom_heading text=&#8221;SOLU\u00c7\u00d5ES&#8221; use_theme_fonts=&#8221;yes&#8221;][vc_column_text]Resposta de excel\u00eancia Disponibilizamos uma vasta gama de componentes e sistemas (hidr\u00e1ulicos, el\u00e9tricos e servo-sistemas de posi\u00e7\u00e3o, de velocidade e de for\u00e7a), [&hellip;]<\/p>\n","protected":false},"author":4,"featured_media":0,"parent":0,"menu_order":0,"comment_status":"closed","ping_status":"closed","template":"","meta":{"two_page_speed":[]},"yst_prominent_words":[],"_links":{"self":[{"href":"https:\/\/automa.pt\/industrial\/wp-json\/wp\/v2\/pages\/3552"}],"collection":[{"href":"https:\/\/automa.pt\/industrial\/wp-json\/wp\/v2\/pages"}],"about":[{"href":"https:\/\/automa.pt\/industrial\/wp-json\/wp\/v2\/types\/page"}],"author":[{"embeddable":true,"href":"https:\/\/automa.pt\/industrial\/wp-json\/wp\/v2\/users\/4"}],"replies":[{"embeddable":true,"href":"https:\/\/automa.pt\/industrial\/wp-json\/wp\/v2\/comments?post=3552"}],"version-history":[{"count":10,"href":"https:\/\/automa.pt\/industrial\/wp-json\/wp\/v2\/pages\/3552\/revisions"}],"predecessor-version":[{"id":3719,"href":"https:\/\/automa.pt\/industrial\/wp-json\/wp\/v2\/pages\/3552\/revisions\/3719"}],"wp:attachment":[{"href":"https:\/\/automa.pt\/industrial\/wp-json\/wp\/v2\/media?parent=3552"}],"wp:term":[{"taxonomy":"yst_prominent_words","embeddable":true,"href":"https:\/\/automa.pt\/industrial\/wp-json\/wp\/v2\/yst_prominent_words?post=3552"}],"curies":[{"name":"wp","href":"https:\/\/api.w.org\/{rel}","templated":true}]}}